{"id":704,"date":"2022-10-19T12:41:41","date_gmt":"2022-10-19T10:41:41","guid":{"rendered":"https:\/\/www.kvibo.si\/kvb-tjas\/?post_type=product&#038;p=704"},"modified":"2026-01-18T21:01:24","modified_gmt":"2026-01-18T20:01:24","slug":"31018","status":"publish","type":"product","link":"https:\/\/www.kvibo.si\/kvb-tjas\/product\/31018\/","title":{"rendered":"Cheese nuggets Jalapeno kremni sir, McCain, 1 kg, zm."},"content":{"rendered":"<p><b>Sestavine:<\/b> kru\u0161ne DROBTINE (P\u0160ENI\u010cNA in r\u017eena moka, P\u0160ENI\u010cNI \u0161krob, jedilna sol, kvas, sredstvo za vzhajanje (E450,E500), emulgator (E472c)), kremni SIRNI pripravek (MLEKO, modificiran \u0161krob, MLE\u010cNE beljakovine, jedilna sol, stabilizator (E461), citrusove vlaknine), jalapenjo paprika, jedilna sol, E260, E509, voda. <\/p>\n<p><b>Shranjevanje:<\/b> hraniti pri temperaturi pod -18 \u00b0C.<\/p>\n<p><b>Povpre\u010dna hranilna vrednost na 100 g:<\/b><\/p>\n<table id=\"hranilna-vrednost\">\n<tr>\n<td>Energijska vrednost<\/td>\n<td>816,0 kJ \/ 195,0 kcal<\/td>\n<\/tr>\n<tr>\n<td>Ma\u0161\u010dobe<\/td>\n<td>7,5 g<\/td>\n<\/tr>\n<tr>\n<td>od tega nenasi\u010dene ma\u0161\u010dobe<\/td>\n<td>5,2 g<\/td>\n<\/tr>\n<tr>\n<td>Ogljikovi hidrati<\/td>\n<td>24,5 g<\/td>\n<\/tr>\n<tr>\n<td>od tega sladkorji<\/td>\n<td>3,6 g<\/td>\n<\/tr>\n<tr>\n<td>Beljakovine<\/td>\n<td>6,0 g<\/td>\n<\/tr>\n<tr>\n<td>Sol<\/td>\n<td>1,2 g<\/td>\n<\/tr>\n<\/table>\n","protected":false},"excerpt":{"rendered":"<p><b>Pakiranje:<\/b> 1 kg \/ # 6 x 1 kg<\/p>\n","protected":false},"featured_media":39750,"template":"","meta":{"_acf_changed":false},"product_brand":[],"product_cat":[103],"product_tag":[],"class_list":{"0":"post-704","1":"product","2":"type-product","3":"status-publish","4":"has-post-thumbnail","6":"product_cat-panirani-zelenjavni-izdelki","8":"first","9":"instock","10":"taxable","11":"shipping-taxable","12":"purchasable","13":"product-type-simple"},"acf":[],"_links":{"self":[{"href":"https:\/\/www.kvibo.si\/kvb-tjas\/wp-json\/wp\/v2\/product\/704","targetHints":{"allow":["GET"]}}],"collection":[{"href":"https:\/\/www.kvibo.si\/kvb-tjas\/wp-json\/wp\/v2\/product"}],"about":[{"href":"https:\/\/www.kvibo.si\/kvb-tjas\/wp-json\/wp\/v2\/types\/product"}],"wp:featuredmedia":[{"embeddable":true,"href":"https:\/\/www.kvibo.si\/kvb-tjas\/wp-json\/wp\/v2\/media\/39750"}],"wp:attachment":[{"href":"https:\/\/www.kvibo.si\/kvb-tjas\/wp-json\/wp\/v2\/media?parent=704"}],"wp:term":[{"taxonomy":"product_brand","embeddable":true,"href":"https:\/\/www.kvibo.si\/kvb-tjas\/wp-json\/wp\/v2\/product_brand?post=704"},{"taxonomy":"product_cat","embeddable":true,"href":"https:\/\/www.kvibo.si\/kvb-tjas\/wp-json\/wp\/v2\/product_cat?post=704"},{"taxonomy":"product_tag","embeddable":true,"href":"https:\/\/www.kvibo.si\/kvb-tjas\/wp-json\/wp\/v2\/product_tag?post=704"}],"curies":[{"name":"wp","href":"https:\/\/api.w.org\/{rel}","templated":true}]}}