{"id":521,"date":"2022-10-19T12:40:47","date_gmt":"2022-10-19T10:40:47","guid":{"rendered":"https:\/\/www.kvibo.si\/kvb-tjas\/?post_type=product&#038;p=521"},"modified":"2026-03-23T15:01:46","modified_gmt":"2026-03-23T14:01:46","slug":"30018","status":"publish","type":"product","link":"https:\/\/www.kvibo.si\/kvb-tjas\/product\/30018\/","title":{"rendered":"Koleraba rumena kocke, 2,5 kg, zm."},"content":{"rendered":"<p><b>Sestavine:<\/b> rumena koleraba.<\/p>\n<p><b>Shranjevanje:<\/b> hraniti pri temperaturi pod -18 \u00b0C.<\/p>\n<p><b>Alergeni:<\/b> (brez)<\/p>\n<p><b>Povpre\u010dna hranilna vrednost na 100 g:<\/b><\/p>\n<table id=\"hranilna-vrednost\">\n<tr>\n<td>Energijska vrednost<\/td>\n<td>103,0 kJ \/ 25,0 kcal<\/td>\n<\/tr>\n<tr>\n<td>Ma\u0161\u010dobe<\/td>\n<td>0,2 g<\/td>\n<\/tr>\n<tr>\n<td>od tega nenasi\u010dene ma\u0161\u010dobe<\/td>\n<td>0,0 g<\/td>\n<\/tr>\n<tr>\n<td>Ogljikovi hidrati<\/td>\n<td>4,7 g<\/td>\n<\/tr>\n<tr>\n<td>od tega sladkorji<\/td>\n<td>4,0 g<\/td>\n<\/tr>\n<tr>\n<td>Beljakovine<\/td>\n<td>1,0 g<\/td>\n<\/tr>\n<tr>\n<td>Sol<\/td>\n<td>0,14 g<\/td>\n<\/tr>\n<\/table>\n","protected":false},"excerpt":{"rendered":"<p><b>Pakiranje:<\/b> 2,5 kg \/ # 4 x 2,5 kg<\/p>\n","protected":false},"featured_media":39585,"template":"","meta":{"_acf_changed":false},"product_brand":[],"product_cat":[47],"product_tag":[],"class_list":{"0":"post-521","1":"product","2":"type-product","3":"status-publish","4":"has-post-thumbnail","6":"product_cat-zamrznjena-zelenjava","8":"first","9":"instock","10":"taxable","11":"shipping-taxable","12":"purchasable","13":"product-type-simple"},"acf":[],"_links":{"self":[{"href":"https:\/\/www.kvibo.si\/kvb-tjas\/wp-json\/wp\/v2\/product\/521","targetHints":{"allow":["GET"]}}],"collection":[{"href":"https:\/\/www.kvibo.si\/kvb-tjas\/wp-json\/wp\/v2\/product"}],"about":[{"href":"https:\/\/www.kvibo.si\/kvb-tjas\/wp-json\/wp\/v2\/types\/product"}],"wp:featuredmedia":[{"embeddable":true,"href":"https:\/\/www.kvibo.si\/kvb-tjas\/wp-json\/wp\/v2\/media\/39585"}],"wp:attachment":[{"href":"https:\/\/www.kvibo.si\/kvb-tjas\/wp-json\/wp\/v2\/media?parent=521"}],"wp:term":[{"taxonomy":"product_brand","embeddable":true,"href":"https:\/\/www.kvibo.si\/kvb-tjas\/wp-json\/wp\/v2\/product_brand?post=521"},{"taxonomy":"product_cat","embeddable":true,"href":"https:\/\/www.kvibo.si\/kvb-tjas\/wp-json\/wp\/v2\/product_cat?post=521"},{"taxonomy":"product_tag","embeddable":true,"href":"https:\/\/www.kvibo.si\/kvb-tjas\/wp-json\/wp\/v2\/product_tag?post=521"}],"curies":[{"name":"wp","href":"https:\/\/api.w.org\/{rel}","templated":true}]}}