{"id":51,"date":"2022-10-19T12:38:14","date_gmt":"2022-10-19T10:38:14","guid":{"rendered":"https:\/\/www.kvibo.si\/kvb-tjas\/?post_type=product&#038;p=51"},"modified":"2026-03-17T10:01:47","modified_gmt":"2026-03-17T09:01:47","slug":"10284","status":"publish","type":"product","link":"https:\/\/www.kvibo.si\/kvb-tjas\/product\/10284\/","title":{"rendered":"Panirane jadranske sardele brez glave, Dobrote morja, 500 g, zm."},"content":{"rendered":"<p><b>Blagovna znamka:<\/b> Dobrote morja<\/p>\n<p><b>Sestavine:<\/b> SARDELA do 70 %, panada do 30 % (P\u0160ENI\u010cNA moka, voda, sol, paprika, pivski kvas, kurkuma).<\/p>\n<p><b>Shranjevanje:<\/b> hraniti pri temperaturi pod -18 \u00b0C.<\/p>\n<p><b>Povpre\u010dna hranilna vrednost na 100 g:<\/b><\/p>\n<table id=\"hranilna-vrednost\">\n<tr>\n<td>Energijska vrednost<\/td>\n<td>590,0 kJ \/ 140,0 kcal<\/td>\n<\/tr>\n<tr>\n<td>Ma\u0161\u010dobe<\/td>\n<td>3,0 g<\/td>\n<\/tr>\n<tr>\n<td>od tega nenasi\u010dene ma\u0161\u010dobe<\/td>\n<td>1,1 g<\/td>\n<\/tr>\n<tr>\n<td>Ogljikovi hidrati<\/td>\n<td>10,4 g<\/td>\n<\/tr>\n<tr>\n<td>od tega sladkorji<\/td>\n<td>0,2 g<\/td>\n<\/tr>\n<tr>\n<td>Beljakovine<\/td>\n<td>17,8 g<\/td>\n<\/tr>\n<tr>\n<td>Sol<\/td>\n<td>0,58 g<\/td>\n<\/tr>\n<\/table>\n","protected":false},"excerpt":{"rendered":"<p><b>Pakiranje:<\/b> 500 g \/ # 14 x 500 g<\/p>\n","protected":false},"featured_media":39262,"template":"","meta":{"_acf_changed":false},"product_brand":[],"product_cat":[112,102],"product_tag":[],"class_list":{"0":"post-51","1":"product","2":"type-product","3":"status-publish","4":"has-post-thumbnail","6":"product_cat-dobrote-morja","7":"product_cat-panirani-ribji-izdelki","9":"first","10":"instock","11":"taxable","12":"shipping-taxable","13":"purchasable","14":"product-type-simple"},"acf":[],"_links":{"self":[{"href":"https:\/\/www.kvibo.si\/kvb-tjas\/wp-json\/wp\/v2\/product\/51","targetHints":{"allow":["GET"]}}],"collection":[{"href":"https:\/\/www.kvibo.si\/kvb-tjas\/wp-json\/wp\/v2\/product"}],"about":[{"href":"https:\/\/www.kvibo.si\/kvb-tjas\/wp-json\/wp\/v2\/types\/product"}],"wp:featuredmedia":[{"embeddable":true,"href":"https:\/\/www.kvibo.si\/kvb-tjas\/wp-json\/wp\/v2\/media\/39262"}],"wp:attachment":[{"href":"https:\/\/www.kvibo.si\/kvb-tjas\/wp-json\/wp\/v2\/media?parent=51"}],"wp:term":[{"taxonomy":"product_brand","embeddable":true,"href":"https:\/\/www.kvibo.si\/kvb-tjas\/wp-json\/wp\/v2\/product_brand?post=51"},{"taxonomy":"product_cat","embeddable":true,"href":"https:\/\/www.kvibo.si\/kvb-tjas\/wp-json\/wp\/v2\/product_cat?post=51"},{"taxonomy":"product_tag","embeddable":true,"href":"https:\/\/www.kvibo.si\/kvb-tjas\/wp-json\/wp\/v2\/product_tag?post=51"}],"curies":[{"name":"wp","href":"https:\/\/api.w.org\/{rel}","templated":true}]}}