{"id":46750,"date":"2026-02-27T07:02:15","date_gmt":"2026-02-27T06:02:15","guid":{"rendered":"https:\/\/www.kvibo.si\/kvb-tjas\/product\/70208"},"modified":"2026-03-18T19:02:41","modified_gmt":"2026-03-18T18:02:41","slug":"70208","status":"publish","type":"product","link":"https:\/\/www.kvibo.si\/kvb-tjas\/product\/70208\/","title":{"rendered":"Sladoled Lion na pal\u010dki, Nestle"},"content":{"rendered":"<p><b>Blagovna znamka:<\/b> Lion<\/p>\n<p>Karamelni sladoled s karemelnim prelivom, oblit z mlecno cokolada in drobljenim vafljem in ko\u0161cki pi\u0161kotka.<\/p>\n<p><b>Sestavine:<\/b> rekonstituirano posneto MLEKO, sladkor, kakavovo maslo, voda, kokosova ma\u0161\u010doba, SIROTKA v prahu, glukozni sirup, masleno olje, kakavova masa, karamela 1,5 % (sladkor, sladkor kondenzirano MLEKO (MLEKO, sladkor), voda, glukozni sirup, MASLO, sol), posneto MLEKO v prahu, LAKTOZA, P\u0160ENI\u010cNA moka, dekstroza, ri\u017eeva moka, emulgator (E471, lecitini (vsebujejo SOJO), E476), stabilizator (E412, E410), sol, \u017eelirno sredstvo (E440), koncentrat SIROTKINIH proteinov, sredstvo za vzhajanje (E500), son\u010dni\u010dno olje, arome, karamelni sladkorni sirup.<\/p>\n<p><b>Shranjevanje:<\/b> hraniti pri temperaturi pod -18 \u00b0C.<\/p>\n<p><b>Alergeni:<\/b> MLEKO, SOJA. Lahko vsebuje sledi GLUTENA,ORE\u0160KOV in JAJC.<\/p>\n<p><b>Povpre\u010dna hranilna vrednost na 100 g:<\/b><\/p>\n<table id=\"hranilna-vrednost\">\n<tr>\n<td>Energijska vrednost<\/td>\n<td>1397,0 kJ \/ 334,0 kcal<\/td>\n<\/tr>\n<tr>\n<td>Ma\u0161\u010dobe<\/td>\n<td>19,0 g<\/td>\n<\/tr>\n<tr>\n<td>od tega nenasi\u010dene ma\u0161\u010dobe<\/td>\n<td>14,0 g<\/td>\n<\/tr>\n<tr>\n<td>Ogljikovi hidrati<\/td>\n<td>37,0 g<\/td>\n<\/tr>\n<tr>\n<td>od tega sladkorji<\/td>\n<td>33,0 g<\/td>\n<\/tr>\n<tr>\n<td>Beljakovine<\/td>\n<td>2,8 g<\/td>\n<\/tr>\n<tr>\n<td>Sol<\/td>\n<td>0,31 g<\/td>\n<\/tr>\n<\/table>\n","protected":false},"excerpt":{"rendered":"<p><b>Pakiranje:<\/b> 20 x 90 ml (62 g)<\/p>\n","protected":false},"featured_media":46749,"template":"","meta":{"_acf_changed":false},"product_brand":[],"product_cat":[126],"product_tag":[],"class_list":{"0":"post-46750","1":"product","2":"type-product","3":"status-publish","4":"has-post-thumbnail","6":"product_cat-sladoledna-konfekcija","8":"first","9":"instock","10":"taxable","11":"shipping-taxable","12":"purchasable","13":"product-type-simple"},"acf":[],"_links":{"self":[{"href":"https:\/\/www.kvibo.si\/kvb-tjas\/wp-json\/wp\/v2\/product\/46750","targetHints":{"allow":["GET"]}}],"collection":[{"href":"https:\/\/www.kvibo.si\/kvb-tjas\/wp-json\/wp\/v2\/product"}],"about":[{"href":"https:\/\/www.kvibo.si\/kvb-tjas\/wp-json\/wp\/v2\/types\/product"}],"wp:featuredmedia":[{"embeddable":true,"href":"https:\/\/www.kvibo.si\/kvb-tjas\/wp-json\/wp\/v2\/media\/46749"}],"wp:attachment":[{"href":"https:\/\/www.kvibo.si\/kvb-tjas\/wp-json\/wp\/v2\/media?parent=46750"}],"wp:term":[{"taxonomy":"product_brand","embeddable":true,"href":"https:\/\/www.kvibo.si\/kvb-tjas\/wp-json\/wp\/v2\/product_brand?post=46750"},{"taxonomy":"product_cat","embeddable":true,"href":"https:\/\/www.kvibo.si\/kvb-tjas\/wp-json\/wp\/v2\/product_cat?post=46750"},{"taxonomy":"product_tag","embeddable":true,"href":"https:\/\/www.kvibo.si\/kvb-tjas\/wp-json\/wp\/v2\/product_tag?post=46750"}],"curies":[{"name":"wp","href":"https:\/\/api.w.org\/{rel}","templated":true}]}}