{"id":46343,"date":"2026-01-20T16:01:11","date_gmt":"2026-01-20T15:01:11","guid":{"rendered":"https:\/\/www.kvibo.si\/kvb-tjas\/product\/40636"},"modified":"2026-03-12T14:01:57","modified_gmt":"2026-03-12T13:01:57","slug":"40636","status":"publish","type":"product","link":"https:\/\/www.kvibo.si\/kvb-tjas\/product\/40636\/","title":{"rendered":"Goveji Osso buco (bo\u010dniki s kostjo), zm."},"content":{"rendered":"<p><b>Naro\u010danje:<\/b> 3 dni prej<\/p>\n<p><b>Sestavine:<\/b> goveje meso.<\/p>\n<p><b>Shranjevanje:<\/b> hraniti pri temperaturi pod -18 \u00b0C.<\/p>\n<p><b>Alergeni:<\/b> (brez)<\/p>\n<p><b>Povpre\u010dna hranilna vrednost na 100 g:<\/b><\/p>\n<table id=\"hranilna-vrednost\">\n<tr>\n<td>Energijska vrednost<\/td>\n<td>596,0 kJ \/ 142,0 kcal<\/td>\n<\/tr>\n<tr>\n<td>Ma\u0161\u010dobe<\/td>\n<td>6,1 g<\/td>\n<\/tr>\n<tr>\n<td>od tega nenasi\u010dene ma\u0161\u010dobe<\/td>\n<td>2,3 g<\/td>\n<\/tr>\n<tr>\n<td>Ogljikovi hidrati<\/td>\n<td>0,0 g<\/td>\n<\/tr>\n<tr>\n<td>od tega sladkorji<\/td>\n<td>0,0 g<\/td>\n<\/tr>\n<tr>\n<td>Beljakovine<\/td>\n<td>19,8 g<\/td>\n<\/tr>\n<tr>\n<td>Sol<\/td>\n<td>0,12 g<\/td>\n<\/tr>\n<\/table>\n","protected":false},"excerpt":{"rendered":"<p><b>Pakiranje:<\/b> 1,4 do 1,6 kg<\/p>\n","protected":false},"featured_media":46400,"template":"","meta":{"_acf_changed":false},"product_brand":[],"product_cat":[118],"product_tag":[],"class_list":{"0":"post-46343","1":"product","2":"type-product","3":"status-publish","4":"has-post-thumbnail","6":"product_cat-zamrznjena-govedina","8":"first","9":"instock","10":"taxable","11":"shipping-taxable","12":"purchasable","13":"product-type-simple"},"acf":[],"_links":{"self":[{"href":"https:\/\/www.kvibo.si\/kvb-tjas\/wp-json\/wp\/v2\/product\/46343","targetHints":{"allow":["GET"]}}],"collection":[{"href":"https:\/\/www.kvibo.si\/kvb-tjas\/wp-json\/wp\/v2\/product"}],"about":[{"href":"https:\/\/www.kvibo.si\/kvb-tjas\/wp-json\/wp\/v2\/types\/product"}],"wp:featuredmedia":[{"embeddable":true,"href":"https:\/\/www.kvibo.si\/kvb-tjas\/wp-json\/wp\/v2\/media\/46400"}],"wp:attachment":[{"href":"https:\/\/www.kvibo.si\/kvb-tjas\/wp-json\/wp\/v2\/media?parent=46343"}],"wp:term":[{"taxonomy":"product_brand","embeddable":true,"href":"https:\/\/www.kvibo.si\/kvb-tjas\/wp-json\/wp\/v2\/product_brand?post=46343"},{"taxonomy":"product_cat","embeddable":true,"href":"https:\/\/www.kvibo.si\/kvb-tjas\/wp-json\/wp\/v2\/product_cat?post=46343"},{"taxonomy":"product_tag","embeddable":true,"href":"https:\/\/www.kvibo.si\/kvb-tjas\/wp-json\/wp\/v2\/product_tag?post=46343"}],"curies":[{"name":"wp","href":"https:\/\/api.w.org\/{rel}","templated":true}]}}