{"id":45827,"date":"2025-12-04T13:02:26","date_gmt":"2025-12-04T12:02:26","guid":{"rendered":"https:\/\/www.kvibo.si\/kvb-tjas\/product\/40702"},"modified":"2026-03-04T12:03:17","modified_gmt":"2026-03-04T11:03:17","slug":"40702","status":"publish","type":"product","link":"https:\/\/www.kvibo.si\/kvb-tjas\/product\/40702\/","title":{"rendered":"Mleto meso me\u0161ano, PM, sve\u017ee"},"content":{"rendered":"<p><b>Naro\u010danje:<\/b> PON do 8:00 pride TOR, SRE do 8:00, pride \u010cET<\/p>\n<p>Mesni pripravek.<\/p>\n<p><b>Sestavine:<\/b> goveje meso II. (ple\u010de) in III. kat. (podple\u010dje, vrat), svinjsko meso II. (ple\u010de), dekstroza, antioksidant (askorbinska kislina).<\/p>\n<p><b>Shranjevanje:<\/b> hraniti pri temperaturi do +2 \u00b0C.<\/p>\n<p><b>Alergeni:<\/b> (brez)<\/p>\n","protected":false},"excerpt":{"rendered":"<p><b>Pakiranje:<\/b> cca 2 kg<\/p>\n","protected":false},"featured_media":45959,"template":"","meta":{"_acf_changed":false},"product_brand":[],"product_cat":[133],"product_tag":[],"class_list":{"0":"post-45827","1":"product","2":"type-product","3":"status-publish","4":"has-post-thumbnail","6":"product_cat-mleto-meso-in-izdelki","8":"first","9":"instock","10":"taxable","11":"shipping-taxable","12":"purchasable","13":"product-type-simple"},"acf":[],"_links":{"self":[{"href":"https:\/\/www.kvibo.si\/kvb-tjas\/wp-json\/wp\/v2\/product\/45827","targetHints":{"allow":["GET"]}}],"collection":[{"href":"https:\/\/www.kvibo.si\/kvb-tjas\/wp-json\/wp\/v2\/product"}],"about":[{"href":"https:\/\/www.kvibo.si\/kvb-tjas\/wp-json\/wp\/v2\/types\/product"}],"wp:featuredmedia":[{"embeddable":true,"href":"https:\/\/www.kvibo.si\/kvb-tjas\/wp-json\/wp\/v2\/media\/45959"}],"wp:attachment":[{"href":"https:\/\/www.kvibo.si\/kvb-tjas\/wp-json\/wp\/v2\/media?parent=45827"}],"wp:term":[{"taxonomy":"product_brand","embeddable":true,"href":"https:\/\/www.kvibo.si\/kvb-tjas\/wp-json\/wp\/v2\/product_brand?post=45827"},{"taxonomy":"product_cat","embeddable":true,"href":"https:\/\/www.kvibo.si\/kvb-tjas\/wp-json\/wp\/v2\/product_cat?post=45827"},{"taxonomy":"product_tag","embeddable":true,"href":"https:\/\/www.kvibo.si\/kvb-tjas\/wp-json\/wp\/v2\/product_tag?post=45827"}],"curies":[{"name":"wp","href":"https:\/\/api.w.org\/{rel}","templated":true}]}}