{"id":45635,"date":"2025-11-18T15:01:32","date_gmt":"2025-11-18T14:01:32","guid":{"rendered":"https:\/\/www.kvibo.si\/kvb-tjas\/product\/10030"},"modified":"2026-03-01T07:01:35","modified_gmt":"2026-03-01T06:01:35","slug":"10030","status":"publish","type":"product","link":"https:\/\/www.kvibo.si\/kvb-tjas\/product\/10030\/","title":{"rendered":"Kaviar rde\u010di lososov nadomestek, 100 g"},"content":{"rendered":"<p><b>Sestavine:<\/b> voda, dimljen LOSOSOV preparat 14,4 % (voda, dimljen losos 50 % (LOSOS, sol, sladkor, aroma bukovega dima), arome), sol, zgo\u0161\u010devalec (E401, E412, E452), oja\u010devalec okusa (E621), olje iz jeter trske, arome, sredstvo za uravnavanje kislosti (E330), barvila (E160c, E120).<\/p>\n<p><b>Shranjevanje:<\/b> hraniti pri temperaturi od +2 \u00b0C do +12 \u00b0C.<\/p>\n<p><b>Povpre\u010dna hranilna vrednost na 100 g:<\/b><\/p>\n<table id=\"hranilna-vrednost\">\n<tr>\n<td>Energijska vrednost<\/td>\n<td>96,0 kJ \/ 23,0 kcal<\/td>\n<\/tr>\n<tr>\n<td>Ma\u0161\u010dobe<\/td>\n<td>0,1 g<\/td>\n<\/tr>\n<tr>\n<td>od tega nenasi\u010dene ma\u0161\u010dobe<\/td>\n<td>0,0 g<\/td>\n<\/tr>\n<tr>\n<td>Ogljikovi hidrati<\/td>\n<td>6,1 g<\/td>\n<\/tr>\n<tr>\n<td>od tega sladkorji<\/td>\n<td>0,0 g<\/td>\n<\/tr>\n<tr>\n<td>Beljakovine<\/td>\n<td>0,4 g<\/td>\n<\/tr>\n<tr>\n<td>Sol<\/td>\n<td>4,5 g<\/td>\n<\/tr>\n<\/table>\n","protected":false},"excerpt":{"rendered":"<p><b>Pakiranje:<\/b> 100 g \/ # 24 x 100 g<\/p>\n","protected":false},"featured_media":45633,"template":"","meta":{"_acf_changed":false},"product_brand":[],"product_cat":[92],"product_tag":[],"class_list":{"0":"post-45635","1":"product","2":"type-product","3":"status-publish","4":"has-post-thumbnail","6":"product_cat-ribji-izdelki","8":"first","9":"instock","10":"taxable","11":"shipping-taxable","12":"purchasable","13":"product-type-simple"},"acf":[],"_links":{"self":[{"href":"https:\/\/www.kvibo.si\/kvb-tjas\/wp-json\/wp\/v2\/product\/45635","targetHints":{"allow":["GET"]}}],"collection":[{"href":"https:\/\/www.kvibo.si\/kvb-tjas\/wp-json\/wp\/v2\/product"}],"about":[{"href":"https:\/\/www.kvibo.si\/kvb-tjas\/wp-json\/wp\/v2\/types\/product"}],"wp:featuredmedia":[{"embeddable":true,"href":"https:\/\/www.kvibo.si\/kvb-tjas\/wp-json\/wp\/v2\/media\/45633"}],"wp:attachment":[{"href":"https:\/\/www.kvibo.si\/kvb-tjas\/wp-json\/wp\/v2\/media?parent=45635"}],"wp:term":[{"taxonomy":"product_brand","embeddable":true,"href":"https:\/\/www.kvibo.si\/kvb-tjas\/wp-json\/wp\/v2\/product_brand?post=45635"},{"taxonomy":"product_cat","embeddable":true,"href":"https:\/\/www.kvibo.si\/kvb-tjas\/wp-json\/wp\/v2\/product_cat?post=45635"},{"taxonomy":"product_tag","embeddable":true,"href":"https:\/\/www.kvibo.si\/kvb-tjas\/wp-json\/wp\/v2\/product_tag?post=45635"}],"curies":[{"name":"wp","href":"https:\/\/api.w.org\/{rel}","templated":true}]}}