{"id":45574,"date":"2025-11-14T13:02:10","date_gmt":"2025-11-14T12:02:10","guid":{"rendered":"https:\/\/www.kvibo.si\/kvb-tjas\/product\/41143"},"modified":"2026-03-17T13:03:43","modified_gmt":"2026-03-17T12:03:43","slug":"41143","status":"publish","type":"product","link":"https:\/\/www.kvibo.si\/kvb-tjas\/product\/41143\/","title":{"rendered":"Mozzarella ribana Fior di latte, Maesta, 2,5 kg"},"content":{"rendered":"<p><b>Sestavine:<\/b> MLEKO, sol, mikrobno sirilo, mle\u010dni fermenti.<\/p>\n<p><b>Shranjevanje:<\/b> hraniti pri temperaturi od +0 \u00b0C do +5 \u00b0C.<\/p>\n<p><b>Povpre\u010dna hranilna vrednost na 100 g:<\/b><\/p>\n<table id=\"hranilna-vrednost\">\n<tr>\n<td>Energijska vrednost<\/td>\n<td>1314,0 kJ \/ 317,0 kcal<\/td>\n<\/tr>\n<tr>\n<td>Ma\u0161\u010dobe<\/td>\n<td>25,0 g<\/td>\n<\/tr>\n<tr>\n<td>od tega nenasi\u010dene ma\u0161\u010dobe<\/td>\n<td>18,0 g<\/td>\n<\/tr>\n<tr>\n<td>Ogljikovi hidrati<\/td>\n<td>0,9 g<\/td>\n<\/tr>\n<tr>\n<td>od tega sladkorji<\/td>\n<td>0,6 g<\/td>\n<\/tr>\n<tr>\n<td>Beljakovine<\/td>\n<td>22,0 g<\/td>\n<\/tr>\n<tr>\n<td>Sol<\/td>\n<td>1,0 g<\/td>\n<\/tr>\n<\/table>\n","protected":false},"excerpt":{"rendered":"<p><b>Pakiranje:<\/b> 2,5 kg \/ # 10 kg (4 x 2,5 kg)<\/p>\n","protected":false},"featured_media":46614,"template":"","meta":{"_acf_changed":false},"product_brand":[],"product_cat":[23],"product_tag":[],"class_list":{"0":"post-45574","1":"product","2":"type-product","3":"status-publish","4":"has-post-thumbnail","6":"product_cat-siri","8":"first","9":"instock","10":"taxable","11":"shipping-taxable","12":"purchasable","13":"product-type-simple"},"acf":[],"_links":{"self":[{"href":"https:\/\/www.kvibo.si\/kvb-tjas\/wp-json\/wp\/v2\/product\/45574","targetHints":{"allow":["GET"]}}],"collection":[{"href":"https:\/\/www.kvibo.si\/kvb-tjas\/wp-json\/wp\/v2\/product"}],"about":[{"href":"https:\/\/www.kvibo.si\/kvb-tjas\/wp-json\/wp\/v2\/types\/product"}],"wp:featuredmedia":[{"embeddable":true,"href":"https:\/\/www.kvibo.si\/kvb-tjas\/wp-json\/wp\/v2\/media\/46614"}],"wp:attachment":[{"href":"https:\/\/www.kvibo.si\/kvb-tjas\/wp-json\/wp\/v2\/media?parent=45574"}],"wp:term":[{"taxonomy":"product_brand","embeddable":true,"href":"https:\/\/www.kvibo.si\/kvb-tjas\/wp-json\/wp\/v2\/product_brand?post=45574"},{"taxonomy":"product_cat","embeddable":true,"href":"https:\/\/www.kvibo.si\/kvb-tjas\/wp-json\/wp\/v2\/product_cat?post=45574"},{"taxonomy":"product_tag","embeddable":true,"href":"https:\/\/www.kvibo.si\/kvb-tjas\/wp-json\/wp\/v2\/product_tag?post=45574"}],"curies":[{"name":"wp","href":"https:\/\/api.w.org\/{rel}","templated":true}]}}