{"id":44443,"date":"2025-08-18T15:01:57","date_gmt":"2025-08-18T13:01:57","guid":{"rendered":"https:\/\/www.kvibo.si\/kvb-tjas\/product\/66011"},"modified":"2026-02-16T11:02:44","modified_gmt":"2026-02-16T10:02:44","slug":"66011","status":"publish","type":"product","link":"https:\/\/www.kvibo.si\/kvb-tjas\/product\/66011\/","title":{"rendered":"Kaneloni pi\u0161\u010dan\u010dji bolonjez, Njam 2,5 kg, zm."},"content":{"rendered":"<p><b>Sestavine:<\/b> pi\u0161\u010dan\u010dja stegna in prsa, dekstroza, \u0161krob tapioke, sol, maltodekstrin, dekstroza, regulator kislosti (natrijev acetat, natrijev karbonat), P\u0160ENI\u010cNA moka, \u010debula, \u010desen, rde\u010da paprika v prahu, peter\u0161ilj, paradi\u017enikov koncentrat (paradi\u017enik, sol),  pala\u010dinke (voda, P\u0160ENI\u010cNA moka, JAJCA, SIROTKA v prahu, repi\u010dno olje, MLEKO v prahu, sol), pasteriziran melan\u017e iz koko\u0161jih JAJC, voda, konzervans (E202), regulator kislosti (citronska kislina)), P\u0160ENI\u010cNA moka, KRU\u0160NE drobtine, son\u010dni\u010dno olje. <\/p>\n<p><b>Shranjevanje:<\/b> hraniti pri temperaturi pod -18 \u00b0C.<\/p>\n<p><b>Alergeni:<\/b> GLUTEN, MLEKO, JAJCA. Lahko vsebuje sledi rib, rakov in mehku\u017ecev.<\/p>\n<p><b>Povpre\u010dna hranilna vrednost na 100 g:<\/b><\/p>\n<table id=\"hranilna-vrednost\">\n<tr>\n<td>Energijska vrednost<\/td>\n<td>816,0 kJ \/ 195,0 kcal<\/td>\n<\/tr>\n<tr>\n<td>Ma\u0161\u010dobe<\/td>\n<td>8,5 g<\/td>\n<\/tr>\n<tr>\n<td>od tega nenasi\u010dene ma\u0161\u010dobe<\/td>\n<td>1,8 g<\/td>\n<\/tr>\n<tr>\n<td>Ogljikovi hidrati<\/td>\n<td>19,0 g<\/td>\n<\/tr>\n<tr>\n<td>od tega sladkorji<\/td>\n<td>2,3 g<\/td>\n<\/tr>\n<tr>\n<td>Beljakovine<\/td>\n<td>10,5 g<\/td>\n<\/tr>\n<tr>\n<td>Sol<\/td>\n<td>0,8 g<\/td>\n<\/tr>\n<\/table>\n","protected":false},"excerpt":{"rendered":"<p><b>Pakiranje:<\/b> 2,5 kg<\/p>\n","protected":false},"featured_media":44475,"template":"","meta":{"_acf_changed":false},"product_brand":[],"product_cat":[100],"product_tag":[],"class_list":{"0":"post-44443","1":"product","2":"type-product","3":"status-publish","4":"has-post-thumbnail","6":"product_cat-panirani-mesni-izdelki","8":"first","9":"instock","10":"taxable","11":"shipping-taxable","12":"purchasable","13":"product-type-simple"},"acf":[],"_links":{"self":[{"href":"https:\/\/www.kvibo.si\/kvb-tjas\/wp-json\/wp\/v2\/product\/44443","targetHints":{"allow":["GET"]}}],"collection":[{"href":"https:\/\/www.kvibo.si\/kvb-tjas\/wp-json\/wp\/v2\/product"}],"about":[{"href":"https:\/\/www.kvibo.si\/kvb-tjas\/wp-json\/wp\/v2\/types\/product"}],"wp:featuredmedia":[{"embeddable":true,"href":"https:\/\/www.kvibo.si\/kvb-tjas\/wp-json\/wp\/v2\/media\/44475"}],"wp:attachment":[{"href":"https:\/\/www.kvibo.si\/kvb-tjas\/wp-json\/wp\/v2\/media?parent=44443"}],"wp:term":[{"taxonomy":"product_brand","embeddable":true,"href":"https:\/\/www.kvibo.si\/kvb-tjas\/wp-json\/wp\/v2\/product_brand?post=44443"},{"taxonomy":"product_cat","embeddable":true,"href":"https:\/\/www.kvibo.si\/kvb-tjas\/wp-json\/wp\/v2\/product_cat?post=44443"},{"taxonomy":"product_tag","embeddable":true,"href":"https:\/\/www.kvibo.si\/kvb-tjas\/wp-json\/wp\/v2\/product_tag?post=44443"}],"curies":[{"name":"wp","href":"https:\/\/api.w.org\/{rel}","templated":true}]}}