{"id":43879,"date":"2025-07-04T16:01:40","date_gmt":"2025-07-04T14:01:40","guid":{"rendered":"https:\/\/www.kvibo.si\/kvb-tjas\/product\/60053"},"modified":"2026-03-03T10:02:11","modified_gmt":"2026-03-03T09:02:11","slug":"60053","status":"publish","type":"product","link":"https:\/\/www.kvibo.si\/kvb-tjas\/product\/60053\/","title":{"rendered":"Tortelini kapeleti sirovi, 5 x 1 kg, sve\u017ei"},"content":{"rendered":"<p><b>Naro\u010danje:<\/b> 4 dni prej do 12:00 pride TOR, \u010cET<\/p>\n<p><b>Sestavine:<\/b> P\u0160ENI\u010cNI zdrob, P\u0160ENI\u010cNI durum zdrob, voda, SIR 14 %, KRU\u0160NE drobine (P\u0160ENI\u010cNA moka, kvas, jodirana sol), krompirjevi kosmi\u010di (krompir, arome, antioksidant: natrijev metabiSULFIT), JAJ\u010cNI prah, jodirana sol, MASLO, MLEKO v prahu, aroma, oja\u010devalec arome: mononatrijev glutamat. Lahko vsebuje sledi GOR\u010cICE, ZELENE in SOJE.<\/p>\n<p><b>Shranjevanje:<\/b> hraniti pri temperaturi do +6 \u00b0C.<\/p>\n<p><b>Povpre\u010dna hranilna vrednost na 100 g:<\/b><\/p>\n<table id=\"hranilna-vrednost\">\n<tr>\n<td>Energijska vrednost<\/td>\n<td>1221,0 kJ \/ 289,0 kcal<\/td>\n<\/tr>\n<tr>\n<td>Ma\u0161\u010dobe<\/td>\n<td>6,1 g<\/td>\n<\/tr>\n<tr>\n<td>od tega nenasi\u010dene ma\u0161\u010dobe<\/td>\n<td>3,3 g<\/td>\n<\/tr>\n<tr>\n<td>Ogljikovi hidrati<\/td>\n<td>46,0 g<\/td>\n<\/tr>\n<tr>\n<td>od tega sladkorji<\/td>\n<td>1,9 g<\/td>\n<\/tr>\n<tr>\n<td>Beljakovine<\/td>\n<td>12,0 g<\/td>\n<\/tr>\n<tr>\n<td>Sol<\/td>\n<td>1,1 g<\/td>\n<\/tr>\n<\/table>\n","protected":false},"excerpt":{"rendered":"<p><b>Pakiranje:<\/b> 5 kg (5 x 1 kg)<\/p>\n","protected":false},"featured_media":46801,"template":"","meta":{"_acf_changed":false},"product_brand":[],"product_cat":[90],"product_tag":[],"class_list":{"0":"post-43879","1":"product","2":"type-product","3":"status-publish","4":"has-post-thumbnail","6":"product_cat-zamrznjene-in-hlajene-testenine","8":"first","9":"instock","10":"taxable","11":"shipping-taxable","12":"purchasable","13":"product-type-simple"},"acf":[],"_links":{"self":[{"href":"https:\/\/www.kvibo.si\/kvb-tjas\/wp-json\/wp\/v2\/product\/43879","targetHints":{"allow":["GET"]}}],"collection":[{"href":"https:\/\/www.kvibo.si\/kvb-tjas\/wp-json\/wp\/v2\/product"}],"about":[{"href":"https:\/\/www.kvibo.si\/kvb-tjas\/wp-json\/wp\/v2\/types\/product"}],"wp:featuredmedia":[{"embeddable":true,"href":"https:\/\/www.kvibo.si\/kvb-tjas\/wp-json\/wp\/v2\/media\/46801"}],"wp:attachment":[{"href":"https:\/\/www.kvibo.si\/kvb-tjas\/wp-json\/wp\/v2\/media?parent=43879"}],"wp:term":[{"taxonomy":"product_brand","embeddable":true,"href":"https:\/\/www.kvibo.si\/kvb-tjas\/wp-json\/wp\/v2\/product_brand?post=43879"},{"taxonomy":"product_cat","embeddable":true,"href":"https:\/\/www.kvibo.si\/kvb-tjas\/wp-json\/wp\/v2\/product_cat?post=43879"},{"taxonomy":"product_tag","embeddable":true,"href":"https:\/\/www.kvibo.si\/kvb-tjas\/wp-json\/wp\/v2\/product_tag?post=43879"}],"curies":[{"name":"wp","href":"https:\/\/api.w.org\/{rel}","templated":true}]}}