{"id":43324,"date":"2025-05-08T12:01:16","date_gmt":"2025-05-08T10:01:16","guid":{"rendered":"https:\/\/www.kvibo.si\/kvb-tjas\/product\/70287"},"modified":"2026-03-18T19:03:34","modified_gmt":"2026-03-18T18:03:34","slug":"70287","status":"publish","type":"product","link":"https:\/\/www.kvibo.si\/kvb-tjas\/product\/70287\/","title":{"rendered":"Sladoled Oreo sendvi\u010d, Nestle"},"content":{"rendered":"<p><b>Blagovna znamka:<\/b> Oreo<\/p>\n<p>Sladoled z okusom vanilije s ko\u0161\u010dki kakavovih pi\u0161kotov z manj ma\u0161\u010dobe, v sendvi\u010du iz kakavovih pi\u0161kotov z manj ma\u0161\u010dobe.<\/p>\n<p><b>Sestavine:<\/b> manj masten kakavov pi\u0161kot (40 %) [P\u0160ENI\u010cNA moka, sladkor, manj masten kakav (4 %) (masten kakav, regulator kislost (E 524, E 527), palmovo olje, glukozni sirup, sol, sredstvo za vzhajanje (natrijev hidrogenkarbonat), naravna aroma vanilije], rehidrirano posneto MLEKO, rastlinska ma\u0161\u010doba (kokos), sladkor, kakavovi drobljenci z manj ma\u0161\u010dobe (3,7 %) [P\u0160ENI\u010cNA moka, sladkor, repi\u010dno olje, kakav v prahu z zmanj\u0161ano vsebnostjo ma\u0161\u010dob, glukozno-fruktozni sirup, P\u0160ENI\u010cNI \u0161krob, sredstva za vzhajanje (amonijevi karbonati, kalijevi karbonati, natrijevi karbonati), palmovo olje, sol, emulgator (SOJINI lecitini), sredstvo za uravnavanje kislosti (natrijev hidroksid), aroma], posneto MLEKO v prahu , glukozni sirup, SIROTKA v prahu, emulgator (mono- in digliceridi ma\u0161\u010dobnih kislin), gostila (guar gumi, gumi ro\u017ei\u010devca), naravna aroma vanilije z drugimi naravnimi aromami.<\/p>\n<p><b>Shranjevanje:<\/b> hraniti pri temperaturi pod -18 \u00b0C.<\/p>\n<p><b>Alergeni:<\/b> MLEKO, GLUTEN, SOJA. Lahko vsebuje sledi drugih ORE\u0160KOV, JAJC, drugih \u017dIT, ki vsebujejo GLUTEN in GOR\u010cICE.<\/p>\n<p><b>Povpre\u010dna hranilna vrednost na 100 g:<\/b><\/p>\n<table id=\"hranilna-vrednost\">\n<tr>\n<td>Energijska vrednost<\/td>\n<td>1259,0 kJ \/ 300,0 kcal<\/td>\n<\/tr>\n<tr>\n<td>Ma\u0161\u010dobe<\/td>\n<td>11,0 g<\/td>\n<\/tr>\n<tr>\n<td>od tega nenasi\u010dene ma\u0161\u010dobe<\/td>\n<td>7,9 g<\/td>\n<\/tr>\n<tr>\n<td>Ogljikovi hidrati<\/td>\n<td>43,0 g<\/td>\n<\/tr>\n<tr>\n<td>od tega sladkorji<\/td>\n<td>27,0 g<\/td>\n<\/tr>\n<tr>\n<td>Beljakovine<\/td>\n<td>5,4 g<\/td>\n<\/tr>\n<tr>\n<td>Sol<\/td>\n<td>0,72 g<\/td>\n<\/tr>\n<\/table>\n","protected":false},"excerpt":{"rendered":"<p><b>Pakiranje:<\/b> 24 x 110 ml (70 g)<\/p>\n","protected":false},"featured_media":43353,"template":"","meta":{"_acf_changed":false},"product_brand":[],"product_cat":[126],"product_tag":[],"class_list":{"0":"post-43324","1":"product","2":"type-product","3":"status-publish","4":"has-post-thumbnail","6":"product_cat-sladoledna-konfekcija","8":"first","9":"instock","10":"taxable","11":"shipping-taxable","12":"purchasable","13":"product-type-simple"},"acf":[],"_links":{"self":[{"href":"https:\/\/www.kvibo.si\/kvb-tjas\/wp-json\/wp\/v2\/product\/43324","targetHints":{"allow":["GET"]}}],"collection":[{"href":"https:\/\/www.kvibo.si\/kvb-tjas\/wp-json\/wp\/v2\/product"}],"about":[{"href":"https:\/\/www.kvibo.si\/kvb-tjas\/wp-json\/wp\/v2\/types\/product"}],"wp:featuredmedia":[{"embeddable":true,"href":"https:\/\/www.kvibo.si\/kvb-tjas\/wp-json\/wp\/v2\/media\/43353"}],"wp:attachment":[{"href":"https:\/\/www.kvibo.si\/kvb-tjas\/wp-json\/wp\/v2\/media?parent=43324"}],"wp:term":[{"taxonomy":"product_brand","embeddable":true,"href":"https:\/\/www.kvibo.si\/kvb-tjas\/wp-json\/wp\/v2\/product_brand?post=43324"},{"taxonomy":"product_cat","embeddable":true,"href":"https:\/\/www.kvibo.si\/kvb-tjas\/wp-json\/wp\/v2\/product_cat?post=43324"},{"taxonomy":"product_tag","embeddable":true,"href":"https:\/\/www.kvibo.si\/kvb-tjas\/wp-json\/wp\/v2\/product_tag?post=43324"}],"curies":[{"name":"wp","href":"https:\/\/api.w.org\/{rel}","templated":true}]}}