{"id":4283,"date":"2023-05-19T10:11:00","date_gmt":"2023-05-19T08:11:00","guid":{"rendered":"https:\/\/www.kvibo.si\/kvb-tjas\/index.php\/product\/testenine-polzki-mlinotest\/"},"modified":"2026-03-05T14:01:57","modified_gmt":"2026-03-05T13:01:57","slug":"60620","status":"publish","type":"product","link":"https:\/\/www.kvibo.si\/kvb-tjas\/product\/60620\/","title":{"rendered":"Testenine pol\u017eki (chifferi rigati), Mlinotest, 5 kg"},"content":{"rendered":"<p><b>Sestavine:<\/b> P\u0160ENI\u010cNI durum zdrob. Lahko vsebuje sledove JAJC, SOJE in GOR\u010cI\u010cNIH SEMEN.<\/p>\n<p><b>Shranjevanje:<\/b> hraniti v suhem prostoru, brez izpostavljanja son\u010dni svetlobi.<\/p>\n<p><b>Povpre\u010dna hranilna vrednost na 100 g:<\/b><\/p>\n<table id=\"hranilna-vrednost\">\n<tr>\n<td>Energijska vrednost<\/td>\n<td>1505,0 kJ \/ 355,0 kcal<\/td>\n<\/tr>\n<tr>\n<td>Ma\u0161\u010dobe<\/td>\n<td>1,5 g<\/td>\n<\/tr>\n<tr>\n<td>od tega nenasi\u010dene ma\u0161\u010dobe<\/td>\n<td>0,3 g<\/td>\n<\/tr>\n<tr>\n<td>Ogljikovi hidrati<\/td>\n<td>72,0 g<\/td>\n<\/tr>\n<tr>\n<td>od tega sladkorji<\/td>\n<td>4,0 g<\/td>\n<\/tr>\n<tr>\n<td>Beljakovine<\/td>\n<td>12,0 g<\/td>\n<\/tr>\n<tr>\n<td>Sol<\/td>\n<td>0,01 g<\/td>\n<\/tr>\n<\/table>\n","protected":false},"excerpt":{"rendered":"<p><b>Pakiranje:<\/b> 5 kg<\/p>\n","protected":false},"featured_media":40830,"template":"","meta":{"_acf_changed":false},"product_brand":[],"product_cat":[37],"product_tag":[],"class_list":{"0":"post-4283","1":"product","2":"type-product","3":"status-publish","4":"has-post-thumbnail","6":"product_cat-suhe-testenine","8":"first","9":"instock","10":"taxable","11":"shipping-taxable","12":"purchasable","13":"product-type-simple"},"acf":[],"_links":{"self":[{"href":"https:\/\/www.kvibo.si\/kvb-tjas\/wp-json\/wp\/v2\/product\/4283","targetHints":{"allow":["GET"]}}],"collection":[{"href":"https:\/\/www.kvibo.si\/kvb-tjas\/wp-json\/wp\/v2\/product"}],"about":[{"href":"https:\/\/www.kvibo.si\/kvb-tjas\/wp-json\/wp\/v2\/types\/product"}],"wp:featuredmedia":[{"embeddable":true,"href":"https:\/\/www.kvibo.si\/kvb-tjas\/wp-json\/wp\/v2\/media\/40830"}],"wp:attachment":[{"href":"https:\/\/www.kvibo.si\/kvb-tjas\/wp-json\/wp\/v2\/media?parent=4283"}],"wp:term":[{"taxonomy":"product_brand","embeddable":true,"href":"https:\/\/www.kvibo.si\/kvb-tjas\/wp-json\/wp\/v2\/product_brand?post=4283"},{"taxonomy":"product_cat","embeddable":true,"href":"https:\/\/www.kvibo.si\/kvb-tjas\/wp-json\/wp\/v2\/product_cat?post=4283"},{"taxonomy":"product_tag","embeddable":true,"href":"https:\/\/www.kvibo.si\/kvb-tjas\/wp-json\/wp\/v2\/product_tag?post=4283"}],"curies":[{"name":"wp","href":"https:\/\/api.w.org\/{rel}","templated":true}]}}