{"id":42687,"date":"2025-03-11T08:02:26","date_gmt":"2025-03-11T07:02:26","guid":{"rendered":"https:\/\/www.kvibo.si\/kvb-tjas\/product\/41627"},"modified":"2026-02-05T16:02:18","modified_gmt":"2026-02-05T15:02:18","slug":"41627","status":"publish","type":"product","link":"https:\/\/www.kvibo.si\/kvb-tjas\/product\/41627\/","title":{"rendered":"Namaz kremni sir, Verdepascolo, 1,5 kg"},"content":{"rendered":"<p><b>Sestavine:<\/b> SIROTKA, SMEANA, SIROTKINE beljakovine, sol, zgo\u0161\u010devalec (guar gumi), sredstvo za uravanvanje kislosti (citronska kislina), mle\u010dna kislina, mle\u010dni fermenti.<\/p>\n<p><b>Shranjevanje:<\/b> hraniti pri temperaturi +5 \u00b0C (+\/- 3 \u00b0C).<\/p>\n<p><b>Povpre\u010dna hranilna vrednost na 100 g:<\/b><\/p>\n<table id=\"hranilna-vrednost\">\n<tr>\n<td>Energijska vrednost<\/td>\n<td>643,0 kJ \/ 155,0 kcal<\/td>\n<\/tr>\n<tr>\n<td>Ma\u0161\u010dobe<\/td>\n<td>13,0 g<\/td>\n<\/tr>\n<tr>\n<td>od tega nenasi\u010dene ma\u0161\u010dobe<\/td>\n<td>9,5 g<\/td>\n<\/tr>\n<tr>\n<td>Ogljikovi hidrati<\/td>\n<td>3,0 g<\/td>\n<\/tr>\n<tr>\n<td>od tega sladkorji<\/td>\n<td>2,6 g<\/td>\n<\/tr>\n<tr>\n<td>Beljakovine<\/td>\n<td>6,5 g<\/td>\n<\/tr>\n<tr>\n<td>Sol<\/td>\n<td>0,8 g<\/td>\n<\/tr>\n<\/table>\n","protected":false},"excerpt":{"rendered":"<p><b>Pakiranje:<\/b> 1,5 kg \/ # 2 x 1,5 kg<\/p>\n","protected":false},"featured_media":42686,"template":"","meta":{"_acf_changed":false},"product_brand":[],"product_cat":[70],"product_tag":[],"class_list":{"0":"post-42687","1":"product","2":"type-product","3":"status-publish","4":"has-post-thumbnail","6":"product_cat-mleko-mlecni-izdelki-in-nadomestki","8":"first","9":"instock","10":"taxable","11":"shipping-taxable","12":"purchasable","13":"product-type-simple"},"acf":[],"_links":{"self":[{"href":"https:\/\/www.kvibo.si\/kvb-tjas\/wp-json\/wp\/v2\/product\/42687","targetHints":{"allow":["GET"]}}],"collection":[{"href":"https:\/\/www.kvibo.si\/kvb-tjas\/wp-json\/wp\/v2\/product"}],"about":[{"href":"https:\/\/www.kvibo.si\/kvb-tjas\/wp-json\/wp\/v2\/types\/product"}],"wp:featuredmedia":[{"embeddable":true,"href":"https:\/\/www.kvibo.si\/kvb-tjas\/wp-json\/wp\/v2\/media\/42686"}],"wp:attachment":[{"href":"https:\/\/www.kvibo.si\/kvb-tjas\/wp-json\/wp\/v2\/media?parent=42687"}],"wp:term":[{"taxonomy":"product_brand","embeddable":true,"href":"https:\/\/www.kvibo.si\/kvb-tjas\/wp-json\/wp\/v2\/product_brand?post=42687"},{"taxonomy":"product_cat","embeddable":true,"href":"https:\/\/www.kvibo.si\/kvb-tjas\/wp-json\/wp\/v2\/product_cat?post=42687"},{"taxonomy":"product_tag","embeddable":true,"href":"https:\/\/www.kvibo.si\/kvb-tjas\/wp-json\/wp\/v2\/product_tag?post=42687"}],"curies":[{"name":"wp","href":"https:\/\/api.w.org\/{rel}","templated":true}]}}