{"id":42632,"date":"2025-03-05T12:01:44","date_gmt":"2025-03-05T11:01:44","guid":{"rendered":"https:\/\/www.kvibo.si\/kvb-tjas\/product\/14260"},"modified":"2025-11-10T12:09:22","modified_gmt":"2025-11-10T11:09:22","slug":"14260","status":"publish","type":"product","link":"https:\/\/www.kvibo.si\/kvb-tjas\/product\/14260\/","title":{"rendered":"Kumina mleta, 440 g"},"content":{"rendered":"<p><b>Sestavine:<\/b> kumina.<\/p>\n<p><b>Shranjevanje:<\/b> hraniti na suhem, hlanem mestu, stran od son\u010dne svetlobe.<\/p>\n<p><b>Alergeni:<\/b>  Lahko vsebuje sledi \u017eit, ki vsebujejo GLUTEN, ZELENE, GOR\u010cI\u010cNEGA SEMENA in \u017dVEPLOVEGA DIOKSIDA.<\/p>\n<p><b>Povpre\u010dna hranilna vrednost na 100 g:<\/b><\/p>\n<table id=\"hranilna-vrednost\">\n<tr>\n<td>Energijska vrednost<\/td>\n<td>1382,0 kJ \/ 334,0 kcal<\/td>\n<\/tr>\n<tr>\n<td>Ma\u0161\u010dobe<\/td>\n<td>14,6 g<\/td>\n<\/tr>\n<tr>\n<td>od tega nenasi\u010dene ma\u0161\u010dobe<\/td>\n<td>0,6 g<\/td>\n<\/tr>\n<tr>\n<td>Ogljikovi hidrati<\/td>\n<td>12,0 g<\/td>\n<\/tr>\n<tr>\n<td>od tega sladkorji<\/td>\n<td>0,6 g<\/td>\n<\/tr>\n<tr>\n<td>Beljakovine<\/td>\n<td>19,8 g<\/td>\n<\/tr>\n<tr>\n<td>Sol<\/td>\n<td>0,04 g<\/td>\n<\/tr>\n<\/table>\n","protected":false},"excerpt":{"rendered":"<p><b>Pakiranje:<\/b> 440 g \/ # 16 x 440 g<\/p>\n","protected":false},"featured_media":42637,"template":"","meta":{"_acf_changed":false},"product_brand":[],"product_cat":[85],"product_tag":[],"class_list":{"0":"post-42632","1":"product","2":"type-product","3":"status-publish","4":"has-post-thumbnail","6":"product_cat-zacimbe","8":"first","9":"instock","10":"taxable","11":"shipping-taxable","12":"purchasable","13":"product-type-simple"},"acf":[],"_links":{"self":[{"href":"https:\/\/www.kvibo.si\/kvb-tjas\/wp-json\/wp\/v2\/product\/42632","targetHints":{"allow":["GET"]}}],"collection":[{"href":"https:\/\/www.kvibo.si\/kvb-tjas\/wp-json\/wp\/v2\/product"}],"about":[{"href":"https:\/\/www.kvibo.si\/kvb-tjas\/wp-json\/wp\/v2\/types\/product"}],"wp:featuredmedia":[{"embeddable":true,"href":"https:\/\/www.kvibo.si\/kvb-tjas\/wp-json\/wp\/v2\/media\/42637"}],"wp:attachment":[{"href":"https:\/\/www.kvibo.si\/kvb-tjas\/wp-json\/wp\/v2\/media?parent=42632"}],"wp:term":[{"taxonomy":"product_brand","embeddable":true,"href":"https:\/\/www.kvibo.si\/kvb-tjas\/wp-json\/wp\/v2\/product_brand?post=42632"},{"taxonomy":"product_cat","embeddable":true,"href":"https:\/\/www.kvibo.si\/kvb-tjas\/wp-json\/wp\/v2\/product_cat?post=42632"},{"taxonomy":"product_tag","embeddable":true,"href":"https:\/\/www.kvibo.si\/kvb-tjas\/wp-json\/wp\/v2\/product_tag?post=42632"}],"curies":[{"name":"wp","href":"https:\/\/api.w.org\/{rel}","templated":true}]}}