{"id":4260,"date":"2023-05-19T10:02:30","date_gmt":"2023-05-19T08:02:30","guid":{"rendered":"https:\/\/www.kvibo.si\/kvb-tjas\/index.php\/product\/prazena-cebula\/"},"modified":"2025-05-15T11:01:25","modified_gmt":"2025-05-15T09:01:25","slug":"14220","status":"publish","type":"product","link":"https:\/\/www.kvibo.si\/kvb-tjas\/product\/14220\/","title":{"rendered":"Pra\u017eena \u010debula, TopGastro, 1 kg"},"content":{"rendered":"<p><b>Sestavine:<\/b> \u010debula, palmino olje, P\u0160ENI\u010cNA moka, sol. Lahko vsebuje sledi ZELENE, GOR\u010cI\u010cNEGA SEMENA in \u017dVEPLOVEGA DIOKSIDA.<\/p>\n<p><b>Shranjevanje:<\/b> hraniti na suhem, hlanem mestu, stran od son\u010dne svetlobe.<\/p>\n<p><b>Povpre\u010dna hranilna vrednost na 100 g:<\/b><\/p>\n<table id=\"hranilna-vrednost\">\n<tr>\n<td>Energijska vrednost<\/td>\n<td>2373,0 kJ \/ 571,0 kcal<\/td>\n<\/tr>\n<tr>\n<td>Ma\u0161\u010dobe<\/td>\n<td>43,0 g<\/td>\n<\/tr>\n<tr>\n<td>od tega nenasi\u010dene ma\u0161\u010dobe<\/td>\n<td>25,0 g<\/td>\n<\/tr>\n<tr>\n<td>Ogljikovi hidrati<\/td>\n<td>40,0 g<\/td>\n<\/tr>\n<tr>\n<td>od tega sladkorji<\/td>\n<td>11,0 g<\/td>\n<\/tr>\n<tr>\n<td>Beljakovine<\/td>\n<td>7,0 g<\/td>\n<\/tr>\n<tr>\n<td>Sol<\/td>\n<td>1,5 g<\/td>\n<\/tr>\n<\/table>\n","protected":false},"excerpt":{"rendered":"<p><b>Pakiranje:<\/b> 1 kg \/ # 12 x 1 kg<\/p>\n","protected":false},"featured_media":39413,"template":"","meta":{"_acf_changed":false},"product_brand":[],"product_cat":[85],"product_tag":[],"class_list":{"0":"post-4260","1":"product","2":"type-product","3":"status-publish","4":"has-post-thumbnail","6":"product_cat-zacimbe","8":"first","9":"instock","10":"taxable","11":"shipping-taxable","12":"purchasable","13":"product-type-simple"},"acf":[],"_links":{"self":[{"href":"https:\/\/www.kvibo.si\/kvb-tjas\/wp-json\/wp\/v2\/product\/4260","targetHints":{"allow":["GET"]}}],"collection":[{"href":"https:\/\/www.kvibo.si\/kvb-tjas\/wp-json\/wp\/v2\/product"}],"about":[{"href":"https:\/\/www.kvibo.si\/kvb-tjas\/wp-json\/wp\/v2\/types\/product"}],"wp:featuredmedia":[{"embeddable":true,"href":"https:\/\/www.kvibo.si\/kvb-tjas\/wp-json\/wp\/v2\/media\/39413"}],"wp:attachment":[{"href":"https:\/\/www.kvibo.si\/kvb-tjas\/wp-json\/wp\/v2\/media?parent=4260"}],"wp:term":[{"taxonomy":"product_brand","embeddable":true,"href":"https:\/\/www.kvibo.si\/kvb-tjas\/wp-json\/wp\/v2\/product_brand?post=4260"},{"taxonomy":"product_cat","embeddable":true,"href":"https:\/\/www.kvibo.si\/kvb-tjas\/wp-json\/wp\/v2\/product_cat?post=4260"},{"taxonomy":"product_tag","embeddable":true,"href":"https:\/\/www.kvibo.si\/kvb-tjas\/wp-json\/wp\/v2\/product_tag?post=4260"}],"curies":[{"name":"wp","href":"https:\/\/api.w.org\/{rel}","templated":true}]}}