{"id":42563,"date":"2025-02-25T08:01:41","date_gmt":"2025-02-25T07:01:41","guid":{"rendered":"https:\/\/www.kvibo.si\/kvb-tjas\/product\/60124"},"modified":"2026-03-17T10:03:55","modified_gmt":"2026-03-17T09:03:55","slug":"60124","status":"publish","type":"product","link":"https:\/\/www.kvibo.si\/kvb-tjas\/product\/60124\/","title":{"rendered":"Pala\u010dinke sladkane ameri\u0161ke, Njam, 10 x 45 g, zm."},"content":{"rendered":"<p><b>Blagovna znamka:<\/b> Njam<\/p>\n<p><b>Sestavine:<\/b> TESTO: P\u0160ENI\u010cNA moka, voda, celo JAJCE, sladkor, repi\u010dno olje, polnomastno MLEKO v prahu, PINJENEC v prahu, P\u0160ENI\u010cNI \u0161krob, sredstvo za vzhajanje (natrijev difosfat, natrijev bikarbonat, P\u0160ENI\u010cNA moka), sol, aroma. <\/p>\n<p><b>Shranjevanje:<\/b> hraniti pri temperaturi pod -18 \u00b0C.<\/p>\n<p><b>Alergeni:<\/b> GLUTEN, JAJCE.<\/p>\n<p><b>Povpre\u010dna hranilna vrednost na 100 g:<\/b><\/p>\n<table id=\"hranilna-vrednost\">\n<tr>\n<td>Energijska vrednost<\/td>\n<td>1225,0 kJ \/ 291,0 kcal<\/td>\n<\/tr>\n<tr>\n<td>Ma\u0161\u010dobe<\/td>\n<td>10,0 g<\/td>\n<\/tr>\n<tr>\n<td>od tega nenasi\u010dene ma\u0161\u010dobe<\/td>\n<td>1,0 g<\/td>\n<\/tr>\n<tr>\n<td>Ogljikovi hidrati<\/td>\n<td>41,0 g<\/td>\n<\/tr>\n<tr>\n<td>od tega sladkorji<\/td>\n<td>17,0 g<\/td>\n<\/tr>\n<tr>\n<td>Beljakovine<\/td>\n<td>8,1 g<\/td>\n<\/tr>\n<tr>\n<td>Sol<\/td>\n<td>0,58 g<\/td>\n<\/tr>\n<\/table>\n","protected":false},"excerpt":{"rendered":"<p><b>Pakiranje:<\/b> 450 g (10 x 45 g)<\/p>\n","protected":false},"featured_media":42569,"template":"","meta":{"_acf_changed":false},"product_brand":[],"product_cat":[73],"product_tag":[],"class_list":{"0":"post-42563","1":"product","2":"type-product","3":"status-publish","4":"has-post-thumbnail","6":"product_cat-sladki-pekovski-izdelki","8":"first","9":"instock","10":"taxable","11":"shipping-taxable","12":"purchasable","13":"product-type-simple"},"acf":[],"_links":{"self":[{"href":"https:\/\/www.kvibo.si\/kvb-tjas\/wp-json\/wp\/v2\/product\/42563","targetHints":{"allow":["GET"]}}],"collection":[{"href":"https:\/\/www.kvibo.si\/kvb-tjas\/wp-json\/wp\/v2\/product"}],"about":[{"href":"https:\/\/www.kvibo.si\/kvb-tjas\/wp-json\/wp\/v2\/types\/product"}],"wp:featuredmedia":[{"embeddable":true,"href":"https:\/\/www.kvibo.si\/kvb-tjas\/wp-json\/wp\/v2\/media\/42569"}],"wp:attachment":[{"href":"https:\/\/www.kvibo.si\/kvb-tjas\/wp-json\/wp\/v2\/media?parent=42563"}],"wp:term":[{"taxonomy":"product_brand","embeddable":true,"href":"https:\/\/www.kvibo.si\/kvb-tjas\/wp-json\/wp\/v2\/product_brand?post=42563"},{"taxonomy":"product_cat","embeddable":true,"href":"https:\/\/www.kvibo.si\/kvb-tjas\/wp-json\/wp\/v2\/product_cat?post=42563"},{"taxonomy":"product_tag","embeddable":true,"href":"https:\/\/www.kvibo.si\/kvb-tjas\/wp-json\/wp\/v2\/product_tag?post=42563"}],"curies":[{"name":"wp","href":"https:\/\/api.w.org\/{rel}","templated":true}]}}