{"id":42170,"date":"2025-02-04T09:01:58","date_gmt":"2025-02-04T08:01:58","guid":{"rendered":"https:\/\/www.kvibo.si\/kvb-tjas\/product\/70206"},"modified":"2026-03-02T14:03:25","modified_gmt":"2026-03-02T13:03:25","slug":"70206","status":"publish","type":"product","link":"https:\/\/www.kvibo.si\/kvb-tjas\/product\/70206\/","title":{"rendered":"Pecivo srce \u010dokoladni mousse z malino, BIO, cca 550 g, zm."},"content":{"rendered":"<p><b>Sestavine:<\/b> SMETANA*, malinov pire* (28 %), kuvertura temne \u010dokolade* (16 %) (surovi trsni sladkor*, kakavova masa*, kakavovo maslo*), pasterizirano celo koko\u0161je jajce*, sladkor*, voda*, \u017eelatina*.<br \/>\n*ekolo\u0161ka pridelava<\/p>\n<p><b>Shranjevanje:<\/b> hraniti pri temperaturi pod -18 \u00b0C.<\/p>\n<p><b>Povpre\u010dna hranilna vrednost na 100 g:<\/b><\/p>\n<table id=\"hranilna-vrednost\">\n<tr>\n<td>Energijska vrednost<\/td>\n<td>1127,0 kJ \/ 269,0 kcal<\/td>\n<\/tr>\n<tr>\n<td>Ma\u0161\u010dobe<\/td>\n<td>19,0 g<\/td>\n<\/tr>\n<tr>\n<td>od tega nenasi\u010dene ma\u0161\u010dobe<\/td>\n<td>12,0 g<\/td>\n<\/tr>\n<tr>\n<td>Ogljikovi hidrati<\/td>\n<td>19,0 g<\/td>\n<\/tr>\n<tr>\n<td>od tega sladkorji<\/td>\n<td>18,0 g<\/td>\n<\/tr>\n<tr>\n<td>Beljakovine<\/td>\n<td>4,2 g<\/td>\n<\/tr>\n<tr>\n<td>Sol<\/td>\n<td>0,07 g<\/td>\n<\/tr>\n<\/table>\n","protected":false},"excerpt":{"rendered":"<p><b>Pakiranje:<\/b> cca 550 g (10 x cca 55 g)<\/p>\n","protected":false},"featured_media":42169,"template":"","meta":{"_acf_changed":false},"product_brand":[],"product_cat":[123,73],"product_tag":[],"class_list":{"0":"post-42170","1":"product","2":"type-product","3":"status-publish","4":"has-post-thumbnail","6":"product_cat-akcija-trajno-znizano","7":"product_cat-sladki-pekovski-izdelki","9":"first","10":"instock","11":"sale","12":"taxable","13":"shipping-taxable","14":"purchasable","15":"product-type-simple"},"acf":[],"_links":{"self":[{"href":"https:\/\/www.kvibo.si\/kvb-tjas\/wp-json\/wp\/v2\/product\/42170","targetHints":{"allow":["GET"]}}],"collection":[{"href":"https:\/\/www.kvibo.si\/kvb-tjas\/wp-json\/wp\/v2\/product"}],"about":[{"href":"https:\/\/www.kvibo.si\/kvb-tjas\/wp-json\/wp\/v2\/types\/product"}],"wp:featuredmedia":[{"embeddable":true,"href":"https:\/\/www.kvibo.si\/kvb-tjas\/wp-json\/wp\/v2\/media\/42169"}],"wp:attachment":[{"href":"https:\/\/www.kvibo.si\/kvb-tjas\/wp-json\/wp\/v2\/media?parent=42170"}],"wp:term":[{"taxonomy":"product_brand","embeddable":true,"href":"https:\/\/www.kvibo.si\/kvb-tjas\/wp-json\/wp\/v2\/product_brand?post=42170"},{"taxonomy":"product_cat","embeddable":true,"href":"https:\/\/www.kvibo.si\/kvb-tjas\/wp-json\/wp\/v2\/product_cat?post=42170"},{"taxonomy":"product_tag","embeddable":true,"href":"https:\/\/www.kvibo.si\/kvb-tjas\/wp-json\/wp\/v2\/product_tag?post=42170"}],"curies":[{"name":"wp","href":"https:\/\/api.w.org\/{rel}","templated":true}]}}