{"id":40865,"date":"2024-10-18T12:01:59","date_gmt":"2024-10-18T10:01:59","guid":{"rendered":"https:\/\/www.kvibo.si\/kvb-tjas\/product\/70279\/"},"modified":"2026-03-18T19:03:27","modified_gmt":"2026-03-18T18:03:27","slug":"70279","status":"publish","type":"product","link":"https:\/\/www.kvibo.si\/kvb-tjas\/product\/70279\/","title":{"rendered":"Sladoled Milka na pal\u010dki mini, Nestle"},"content":{"rendered":"<p><b>Sestavine:<\/b> rekonstituirano posneto MLEKO v prahu, MLE\u010cNA \u010dokolada (sladkor, kakavovo maslo, kakavova masa, posneto MLEKO v prahu, MLE\u010cNA ma\u0161\u010doba, SIROTKA v prahu, emuglator (SOJINI lecitini, E476), kokosova ma\u0161\u010doba, sladkor, glukozni sirup, SIROTKA v prahu, posneto MLEKO v prahu, emulgator (mono- in digliceridi ma\u0161\u010dobnih kislin), stabilizator (gumi iz zrn ro\u017ei\u010devca, guar gumi), koren\u010dkov koncentrat, zrna vanilije v prahu izvle\u010dek naravne arome vanilije.<\/p>\n<p><b>Shranjevanje:<\/b> hraniti pri temperaturi pod -18 \u00b0C.<\/p>\n<p><b>Alergeni:<\/b> MLEKO, SOJA. Lahko vsebuje ARA\u0160IDE, ORE\u0160KE, JAJCA in GLUTEN.<\/p>\n<p><b>Povpre\u010dna hranilna vrednost na 100 g:<\/b><\/p>\n<table id=\"hranilna-vrednost\">\n<tr>\n<td>Energijska vrednost<\/td>\n<td>352,0 kJ \/ 0,0 kcal<\/td>\n<\/tr>\n<tr>\n<td>Ma\u0161\u010dobe<\/td>\n<td>22,9 g<\/td>\n<\/tr>\n<tr>\n<td>od tega nenasi\u010dene ma\u0161\u010dobe<\/td>\n<td>15,9 g<\/td>\n<\/tr>\n<tr>\n<td>Ogljikovi hidrati<\/td>\n<td>32,1 g<\/td>\n<\/tr>\n<tr>\n<td>od tega sladkorji<\/td>\n<td>28,7 g<\/td>\n<\/tr>\n<tr>\n<td>Beljakovine<\/td>\n<td>3,8 g<\/td>\n<\/tr>\n<tr>\n<td>Sol<\/td>\n<td>0,01 g<\/td>\n<\/tr>\n<\/table>\n","protected":false},"excerpt":{"rendered":"<p><b>Pakiranje:<\/b> 6 x 50 ml \/ # 8 \u0161katel<\/p>\n","protected":false},"featured_media":40864,"template":"","meta":{"_acf_changed":false},"product_brand":[],"product_cat":[126],"product_tag":[],"class_list":{"0":"post-40865","1":"product","2":"type-product","3":"status-publish","4":"has-post-thumbnail","6":"product_cat-sladoledna-konfekcija","8":"first","9":"instock","10":"sale","11":"taxable","12":"shipping-taxable","13":"purchasable","14":"product-type-simple"},"acf":[],"_links":{"self":[{"href":"https:\/\/www.kvibo.si\/kvb-tjas\/wp-json\/wp\/v2\/product\/40865","targetHints":{"allow":["GET"]}}],"collection":[{"href":"https:\/\/www.kvibo.si\/kvb-tjas\/wp-json\/wp\/v2\/product"}],"about":[{"href":"https:\/\/www.kvibo.si\/kvb-tjas\/wp-json\/wp\/v2\/types\/product"}],"wp:featuredmedia":[{"embeddable":true,"href":"https:\/\/www.kvibo.si\/kvb-tjas\/wp-json\/wp\/v2\/media\/40864"}],"wp:attachment":[{"href":"https:\/\/www.kvibo.si\/kvb-tjas\/wp-json\/wp\/v2\/media?parent=40865"}],"wp:term":[{"taxonomy":"product_brand","embeddable":true,"href":"https:\/\/www.kvibo.si\/kvb-tjas\/wp-json\/wp\/v2\/product_brand?post=40865"},{"taxonomy":"product_cat","embeddable":true,"href":"https:\/\/www.kvibo.si\/kvb-tjas\/wp-json\/wp\/v2\/product_cat?post=40865"},{"taxonomy":"product_tag","embeddable":true,"href":"https:\/\/www.kvibo.si\/kvb-tjas\/wp-json\/wp\/v2\/product_tag?post=40865"}],"curies":[{"name":"wp","href":"https:\/\/api.w.org\/{rel}","templated":true}]}}