{"id":40841,"date":"2024-10-16T11:01:26","date_gmt":"2024-10-16T09:01:26","guid":{"rendered":"https:\/\/www.kvibo.si\/kvb-tjas\/product\/10137\/"},"modified":"2026-03-08T20:01:47","modified_gmt":"2026-03-08T19:01:47","slug":"10137","status":"publish","type":"product","link":"https:\/\/www.kvibo.si\/kvb-tjas\/product\/10137\/","title":{"rendered":"Panirane kozice brez repkov v testu, 1 kg, zm."},"content":{"rendered":"<p><b>Sestavine:<\/b> KOZICE 45 % (KOZICE, voda, sol, sredstvo za uravnavanje kislosti(E500, E331), stabilizator (E640), antioksidant (E223 &#8211; vsebuje SULFITE)), panada 55 % (voda, P\u0160ENI\u010cNA moka, drobtine (P\u0160ENI\u010cNA moka, voda, sol, kvas), son\u010dni\u010dno lje, \u0161krob, sredstvo za vzhajanje (E450, E500), sol, koncentriran limonin sok, zgo\u0161\u010devalec (E417), LAKTOZA, \u010desen v prahu, barvilo (E101)).<\/p>\n<p><b>Shranjevanje:<\/b> hraniti pri temperaturi pod -18 \u00b0C.<\/p>\n<p><b>Alergeni:<\/b> RAKI, GLUTEN, MLEKO, SULFITI. Lahko vsebuje sledi MEHKU\u017dCEV, MLEKA, RIB, JAJC, SOJE in GOR\u010cICE.<\/p>\n<p><b>Povpre\u010dna hranilna vrednost na 100 g:<\/b><\/p>\n<table id=\"hranilna-vrednost\">\n<tr>\n<td>Energijska vrednost<\/td>\n<td>745,0 kJ \/ 178,0 kcal<\/td>\n<\/tr>\n<tr>\n<td>Ma\u0161\u010dobe<\/td>\n<td>6,9 g<\/td>\n<\/tr>\n<tr>\n<td>od tega nenasi\u010dene ma\u0161\u010dobe<\/td>\n<td>0,9 g<\/td>\n<\/tr>\n<tr>\n<td>Ogljikovi hidrati<\/td>\n<td>22,0 g<\/td>\n<\/tr>\n<tr>\n<td>od tega sladkorji<\/td>\n<td>0,3 g<\/td>\n<\/tr>\n<tr>\n<td>Beljakovine<\/td>\n<td>7,0 g<\/td>\n<\/tr>\n<tr>\n<td>Sol<\/td>\n<td>1,9 g<\/td>\n<\/tr>\n<\/table>\n","protected":false},"excerpt":{"rendered":"<p><b>Pakiranje:<\/b> 1 kg \/ # 8 x 1 kg<\/p>\n","protected":false},"featured_media":40840,"template":"","meta":{"_acf_changed":false},"product_brand":[],"product_cat":[102],"product_tag":[],"class_list":{"0":"post-40841","1":"product","2":"type-product","3":"status-publish","4":"has-post-thumbnail","6":"product_cat-panirani-ribji-izdelki","8":"first","9":"instock","10":"taxable","11":"shipping-taxable","12":"purchasable","13":"product-type-simple"},"acf":[],"_links":{"self":[{"href":"https:\/\/www.kvibo.si\/kvb-tjas\/wp-json\/wp\/v2\/product\/40841","targetHints":{"allow":["GET"]}}],"collection":[{"href":"https:\/\/www.kvibo.si\/kvb-tjas\/wp-json\/wp\/v2\/product"}],"about":[{"href":"https:\/\/www.kvibo.si\/kvb-tjas\/wp-json\/wp\/v2\/types\/product"}],"wp:featuredmedia":[{"embeddable":true,"href":"https:\/\/www.kvibo.si\/kvb-tjas\/wp-json\/wp\/v2\/media\/40840"}],"wp:attachment":[{"href":"https:\/\/www.kvibo.si\/kvb-tjas\/wp-json\/wp\/v2\/media?parent=40841"}],"wp:term":[{"taxonomy":"product_brand","embeddable":true,"href":"https:\/\/www.kvibo.si\/kvb-tjas\/wp-json\/wp\/v2\/product_brand?post=40841"},{"taxonomy":"product_cat","embeddable":true,"href":"https:\/\/www.kvibo.si\/kvb-tjas\/wp-json\/wp\/v2\/product_cat?post=40841"},{"taxonomy":"product_tag","embeddable":true,"href":"https:\/\/www.kvibo.si\/kvb-tjas\/wp-json\/wp\/v2\/product_tag?post=40841"}],"curies":[{"name":"wp","href":"https:\/\/api.w.org\/{rel}","templated":true}]}}