{"id":37838,"date":"2024-05-21T12:05:51","date_gmt":"2024-05-21T10:05:51","guid":{"rendered":"https:\/\/www.kvibo.si\/kvb-tjas\/product\/70269\/"},"modified":"2026-03-18T20:03:21","modified_gmt":"2026-03-18T19:03:21","slug":"70269","status":"publish","type":"product","link":"https:\/\/www.kvibo.si\/kvb-tjas\/product\/70269\/","title":{"rendered":"Sladoledna banjica bubble gum, Zielona Budka"},"content":{"rendered":"<p><b>Blagovna znamka:<\/b> Zielona Budka<\/p>\n<p>Sladoled z okusom \u017eve\u010dilnega gumija (roza in modra).<\/p>\n<p><b>Sestavine:<\/b> rekonstituirano posneto MLEKO, voda, sladkor, kokosova ma\u0161\u010doba, SIROTKA v prahu (iz MLEKA), glukozni sirup, koncentrat (spirulina, sok rde\u010de pese), emulgator (E 471), stabilizator (E 412, E 410), arome, kislina ( E 330), barvilo (E 162). <\/p>\n<p><b>Shranjevanje:<\/b> hraniti pri temperaturi pod -18 \u00b0C.<\/p>\n<p><b>Alergeni:<\/b> MLEKO. Lahko vsebuje sledi ORE\u0160\u010cKOV, JAJC, SOJE in GLUTENA.<\/p>\n<p><b>Povpre\u010dna hranilna vrednost na 100 g:<\/b><\/p>\n<table id=\"hranilna-vrednost\">\n<tr>\n<td>Energijska vrednost<\/td>\n<td>766,0 kJ \/ 183,0 kcal<\/td>\n<\/tr>\n<tr>\n<td>Ma\u0161\u010dobe<\/td>\n<td>8,4 g<\/td>\n<\/tr>\n<tr>\n<td>od tega nenasi\u010dene ma\u0161\u010dobe<\/td>\n<td>7,2 g<\/td>\n<\/tr>\n<tr>\n<td>Ogljikovi hidrati<\/td>\n<td>24,0 g<\/td>\n<\/tr>\n<tr>\n<td>od tega sladkorji<\/td>\n<td>22,0 g<\/td>\n<\/tr>\n<tr>\n<td>Beljakovine<\/td>\n<td>2,1 g<\/td>\n<\/tr>\n<tr>\n<td>Sol<\/td>\n<td>0,15 g<\/td>\n<\/tr>\n<\/table>\n","protected":false},"excerpt":{"rendered":"<p><b>Pakiranje:<\/b> 5000 ml (2900 g)<\/p>\n","protected":false},"featured_media":40538,"template":"","meta":{"_acf_changed":false},"product_brand":[],"product_cat":[125],"product_tag":[],"class_list":{"0":"post-37838","1":"product","2":"type-product","3":"status-publish","4":"has-post-thumbnail","6":"product_cat-sladoledne-banjice","8":"first","9":"instock","10":"taxable","11":"shipping-taxable","12":"purchasable","13":"product-type-simple"},"acf":[],"_links":{"self":[{"href":"https:\/\/www.kvibo.si\/kvb-tjas\/wp-json\/wp\/v2\/product\/37838","targetHints":{"allow":["GET"]}}],"collection":[{"href":"https:\/\/www.kvibo.si\/kvb-tjas\/wp-json\/wp\/v2\/product"}],"about":[{"href":"https:\/\/www.kvibo.si\/kvb-tjas\/wp-json\/wp\/v2\/types\/product"}],"wp:featuredmedia":[{"embeddable":true,"href":"https:\/\/www.kvibo.si\/kvb-tjas\/wp-json\/wp\/v2\/media\/40538"}],"wp:attachment":[{"href":"https:\/\/www.kvibo.si\/kvb-tjas\/wp-json\/wp\/v2\/media?parent=37838"}],"wp:term":[{"taxonomy":"product_brand","embeddable":true,"href":"https:\/\/www.kvibo.si\/kvb-tjas\/wp-json\/wp\/v2\/product_brand?post=37838"},{"taxonomy":"product_cat","embeddable":true,"href":"https:\/\/www.kvibo.si\/kvb-tjas\/wp-json\/wp\/v2\/product_cat?post=37838"},{"taxonomy":"product_tag","embeddable":true,"href":"https:\/\/www.kvibo.si\/kvb-tjas\/wp-json\/wp\/v2\/product_tag?post=37838"}],"curies":[{"name":"wp","href":"https:\/\/api.w.org\/{rel}","templated":true}]}}