{"id":37520,"date":"2024-05-10T15:02:07","date_gmt":"2024-05-10T13:02:07","guid":{"rendered":"https:\/\/www.kvibo.si\/kvb-tjas\/product\/70203\/"},"modified":"2026-03-13T09:01:50","modified_gmt":"2026-03-13T08:01:50","slug":"70203","status":"publish","type":"product","link":"https:\/\/www.kvibo.si\/kvb-tjas\/product\/70203\/","title":{"rendered":"Pecivo tiramisu, 20 x 112 g, zm."},"content":{"rendered":"<p>Razrezano na 20 rezin.<\/p>\n<p><b>Sestavine:<\/b> 44,8 % stepena SMETANA, voda, sladkor, cela JAJCA, P\u0160ENI\u010cNA moka, \u0161krob (P\u0160ENICA),<br \/>\nsladkorna krema z nizko vsebnostjo ma\u0161\u010dob, invertni sladkorni sirup, 1,7 % belo vino, dekstroza, koncentrirano maslo, 1,0 %<br \/>\n mascarpone v prahu, \u017eelatina, sredstvo za vla\u017eenje (E420), 0,3 % kavni ekstrakt, emulgatorji (E 472b, E 481),<br \/>\n rastlinsko olje (repi\u010dno), modificiran \u0161krob, kislini (E331, E330), fruktozni sirup, SMETANA v prahu,<br \/>\nsredstvo za vzhajanje (E500), kakav z manj ma\u0161\u010dobami, pra\u017eena kava, me\u0161anica ruma,<br \/>\netanol, posneto MLEKO v prahu, JAJ\u010cNI rumenjak, posneto MLEKO v prahu, JOGURT v prahu, glukozni sirup, naravna aroma,<br \/>\nrastlinska ma\u0161\u010doba (sol), barvilo rastlinski ekstrakt (korenje), JAJ\u010cNI beljak, kakavova masa, mle\u010dne beljakovine,<br \/>\nkakavovo maslo, karameliziran sladkor.<\/p>\n<p><b>Shranjevanje:<\/b> hraniti pri temperaturi pod -18 \u00b0C.<\/p>\n<p><b>Alergeni:<\/b> GLUTEN, JAJCA, MLEKO. Lahko vsebuje sledi ara\u0161idov, ore\u0161\u010dkov, soje in vol\u010djega boba.<\/p>\n<p><b>Povpre\u010dna hranilna vrednost na 100 g:<\/b><\/p>\n<table id=\"hranilna-vrednost\">\n<tr>\n<td>Energijska vrednost<\/td>\n<td>901,0 kJ \/ 215,0 kcal<\/td>\n<\/tr>\n<tr>\n<td>Ma\u0161\u010dobe<\/td>\n<td>6,3 g<\/td>\n<\/tr>\n<tr>\n<td>od tega nenasi\u010dene ma\u0161\u010dobe<\/td>\n<td>3,4 g<\/td>\n<\/tr>\n<tr>\n<td>Ogljikovi hidrati<\/td>\n<td>36,0 g<\/td>\n<\/tr>\n<tr>\n<td>od tega sladkorji<\/td>\n<td>19,0 g<\/td>\n<\/tr>\n<tr>\n<td>Beljakovine<\/td>\n<td>2,4 g<\/td>\n<\/tr>\n<tr>\n<td>Sol<\/td>\n<td>0,34 g<\/td>\n<\/tr>\n<\/table>\n","protected":false},"excerpt":{"rendered":"<p><b>Pakiranje:<\/b> 2,25 kg \/ # 3 x 2,25 kg<\/p>\n","protected":false},"featured_media":40493,"template":"","meta":{"_acf_changed":false},"product_brand":[],"product_cat":[73],"product_tag":[],"class_list":{"0":"post-37520","1":"product","2":"type-product","3":"status-publish","4":"has-post-thumbnail","6":"product_cat-sladki-pekovski-izdelki","8":"first","9":"instock","10":"taxable","11":"shipping-taxable","12":"purchasable","13":"product-type-simple"},"acf":[],"_links":{"self":[{"href":"https:\/\/www.kvibo.si\/kvb-tjas\/wp-json\/wp\/v2\/product\/37520","targetHints":{"allow":["GET"]}}],"collection":[{"href":"https:\/\/www.kvibo.si\/kvb-tjas\/wp-json\/wp\/v2\/product"}],"about":[{"href":"https:\/\/www.kvibo.si\/kvb-tjas\/wp-json\/wp\/v2\/types\/product"}],"wp:featuredmedia":[{"embeddable":true,"href":"https:\/\/www.kvibo.si\/kvb-tjas\/wp-json\/wp\/v2\/media\/40493"}],"wp:attachment":[{"href":"https:\/\/www.kvibo.si\/kvb-tjas\/wp-json\/wp\/v2\/media?parent=37520"}],"wp:term":[{"taxonomy":"product_brand","embeddable":true,"href":"https:\/\/www.kvibo.si\/kvb-tjas\/wp-json\/wp\/v2\/product_brand?post=37520"},{"taxonomy":"product_cat","embeddable":true,"href":"https:\/\/www.kvibo.si\/kvb-tjas\/wp-json\/wp\/v2\/product_cat?post=37520"},{"taxonomy":"product_tag","embeddable":true,"href":"https:\/\/www.kvibo.si\/kvb-tjas\/wp-json\/wp\/v2\/product_tag?post=37520"}],"curies":[{"name":"wp","href":"https:\/\/api.w.org\/{rel}","templated":true}]}}