{"id":37071,"date":"2024-04-15T17:06:17","date_gmt":"2024-04-15T15:06:17","guid":{"rendered":"https:\/\/www.kvibo.si\/kvb-tjas\/product\/70161\/"},"modified":"2026-03-18T18:02:24","modified_gmt":"2026-03-18T17:02:24","slug":"70161","status":"publish","type":"product","link":"https:\/\/www.kvibo.si\/kvb-tjas\/product\/70161\/","title":{"rendered":"Sladoled Familia Hit kornet \u010dokolada, Nestle"},"content":{"rendered":"<p><b>Blagovna znamka:<\/b> Familia<\/p>\n<p>Kakavov sladoled v kornetu (16 %) s kakavovim oblivom (16 %).<\/p>\n<p><b>Sestavine:<\/b> rekonstituirano posneto MLEKO, sladkor, voda, rastlinska ma\u0161\u010doba in olje (kokosovo, palmovo), P\u0160ENI\u010cNA moka, glukozni sirup, sladka SIROTKA v prahu, manj masten kakav v prahu, emulgatorji (SOJIN lecitin, mono- in digliceridi ma\u0161\u010dobnih kislin), barvilo. (amonijev sulfitni karamel), stabilizatorj (guar gumi, gumi ro\u017ei\u010devca, predelane morske alge euchema), sol, arome, JAJ\u010cNI rumenjak v prahu, MASLENO olje (MLEKO), polnomastno MLEKO v prahu, dekstroza, kakavovo maslo. <\/p>\n<p><b>Shranjevanje:<\/b> hraniti pri temperaturi pod -18 \u00b0C.<\/p>\n<p><b>Alergeni:<\/b> MLEKO, SOJA, GLUTEN, JAJCA. Lahko vsebuje sledi ORE\u0160\u010cKOV in GOR\u010cICE.<\/p>\n<p><b>Povpre\u010dna hranilna vrednost na 100 g:<\/b><\/p>\n<table id=\"hranilna-vrednost\">\n<tr>\n<td>Energijska vrednost<\/td>\n<td>1249,0 kJ \/ 298,0 kcal<\/td>\n<\/tr>\n<tr>\n<td>Ma\u0161\u010dobe<\/td>\n<td>13,0 g<\/td>\n<\/tr>\n<tr>\n<td>od tega nenasi\u010dene ma\u0161\u010dobe<\/td>\n<td>10,0 g<\/td>\n<\/tr>\n<tr>\n<td>Ogljikovi hidrati<\/td>\n<td>40,0 g<\/td>\n<\/tr>\n<tr>\n<td>od tega sladkorji<\/td>\n<td>30,0 g<\/td>\n<\/tr>\n<tr>\n<td>Beljakovine<\/td>\n<td>3,4 g<\/td>\n<\/tr>\n<tr>\n<td>Sol<\/td>\n<td>0,11 g<\/td>\n<\/tr>\n<\/table>\n","protected":false},"excerpt":{"rendered":"<p><b>Pakiranje:<\/b> 40 x 114 ml (74,5 g)<\/p>\n","protected":false},"featured_media":40484,"template":"","meta":{"_acf_changed":false},"product_brand":[],"product_cat":[123,126],"product_tag":[],"class_list":{"0":"post-37071","1":"product","2":"type-product","3":"status-publish","4":"has-post-thumbnail","6":"product_cat-akcija-trajno-znizano","7":"product_cat-sladoledna-konfekcija","9":"first","10":"instock","11":"sale","12":"taxable","13":"shipping-taxable","14":"purchasable","15":"product-type-simple"},"acf":[],"_links":{"self":[{"href":"https:\/\/www.kvibo.si\/kvb-tjas\/wp-json\/wp\/v2\/product\/37071","targetHints":{"allow":["GET"]}}],"collection":[{"href":"https:\/\/www.kvibo.si\/kvb-tjas\/wp-json\/wp\/v2\/product"}],"about":[{"href":"https:\/\/www.kvibo.si\/kvb-tjas\/wp-json\/wp\/v2\/types\/product"}],"wp:featuredmedia":[{"embeddable":true,"href":"https:\/\/www.kvibo.si\/kvb-tjas\/wp-json\/wp\/v2\/media\/40484"}],"wp:attachment":[{"href":"https:\/\/www.kvibo.si\/kvb-tjas\/wp-json\/wp\/v2\/media?parent=37071"}],"wp:term":[{"taxonomy":"product_brand","embeddable":true,"href":"https:\/\/www.kvibo.si\/kvb-tjas\/wp-json\/wp\/v2\/product_brand?post=37071"},{"taxonomy":"product_cat","embeddable":true,"href":"https:\/\/www.kvibo.si\/kvb-tjas\/wp-json\/wp\/v2\/product_cat?post=37071"},{"taxonomy":"product_tag","embeddable":true,"href":"https:\/\/www.kvibo.si\/kvb-tjas\/wp-json\/wp\/v2\/product_tag?post=37071"}],"curies":[{"name":"wp","href":"https:\/\/api.w.org\/{rel}","templated":true}]}}