{"id":36851,"date":"2024-03-27T21:02:46","date_gmt":"2024-03-27T20:02:46","guid":{"rendered":"https:\/\/www.kvibo.si\/kvb-tjas\/product\/70259\/"},"modified":"2026-03-18T18:02:43","modified_gmt":"2026-03-18T17:02:43","slug":"70259","status":"publish","type":"product","link":"https:\/\/www.kvibo.si\/kvb-tjas\/product\/70259\/","title":{"rendered":"Sladoled KitKat na pal\u010dki, Nestle"},"content":{"rendered":"<p><b>Blagovna znamka:<\/b> KitKat<\/p>\n<p>Sladoled z okusom napolitank in \u010dokolade, oblit v mle\u010dno \u010dokolado (35 %) s ko\u0161\u010dki napolitank (3,2 %).<\/p>\n<p><b>Sestavine:<\/b> voda, sladkor, koncentrat posnetega MLEKA, kakavovo maslo, kokosovo olje, LAKTOZA in beljakovine iz SIROTKE (iz MLEKA), glukozni sirup, MASLENO olje (iz MLEKA), kakavova masa, posneto MLEKO v prahu, P\u0160ENI\u010cNA moka, emulgator (mono- in digliceridi ma\u0161\u010dobnih kislin, SOJIN lecitin, poliglicerol poliricinoleat), \u017eelirno sredstvo (gumi ro\u017ei\u010devca, guar gumi), kakav v prahu z zmanj\u0161ano vsebnostjo ma\u0161\u010dob (0,5 %), karameliziran sladkorni sirup, arome, sol.<\/p>\n<p><b>Shranjevanje:<\/b> hraniti pri temperaturi pod -18 \u00b0C.<\/p>\n<p><b>Alergeni:<\/b> MLEKO, GLUTEN, SOJA. Lahko vsebuje sledi JAJC, drugih ORE\u0160\u010cKOV in drugih \u017dIT ki vsebujejo GLUTEN.<\/p>\n<p><b>Povpre\u010dna hranilna vrednost na 100 g:<\/b><\/p>\n<table id=\"hranilna-vrednost\">\n<tr>\n<td>Energijska vrednost<\/td>\n<td>1466,0 kJ \/ 351,0 kcal<\/td>\n<\/tr>\n<tr>\n<td>Ma\u0161\u010dobe<\/td>\n<td>22,0 g<\/td>\n<\/tr>\n<tr>\n<td>od tega nenasi\u010dene ma\u0161\u010dobe<\/td>\n<td>15,0 g<\/td>\n<\/tr>\n<tr>\n<td>Ogljikovi hidrati<\/td>\n<td>35,0 g<\/td>\n<\/tr>\n<tr>\n<td>od tega sladkorji<\/td>\n<td>31,0 g<\/td>\n<\/tr>\n<tr>\n<td>Beljakovine<\/td>\n<td>3,7 g<\/td>\n<\/tr>\n<tr>\n<td>Sol<\/td>\n<td>0,23 g<\/td>\n<\/tr>\n<\/table>\n","protected":false},"excerpt":{"rendered":"<p><b>Pakiranje:<\/b> 20 x 90 ml (62 g)<\/p>\n","protected":false},"featured_media":40528,"template":"","meta":{"_acf_changed":false},"product_brand":[],"product_cat":[126],"product_tag":[],"class_list":{"0":"post-36851","1":"product","2":"type-product","3":"status-publish","4":"has-post-thumbnail","6":"product_cat-sladoledna-konfekcija","8":"first","9":"instock","10":"taxable","11":"shipping-taxable","12":"purchasable","13":"product-type-simple"},"acf":[],"_links":{"self":[{"href":"https:\/\/www.kvibo.si\/kvb-tjas\/wp-json\/wp\/v2\/product\/36851","targetHints":{"allow":["GET"]}}],"collection":[{"href":"https:\/\/www.kvibo.si\/kvb-tjas\/wp-json\/wp\/v2\/product"}],"about":[{"href":"https:\/\/www.kvibo.si\/kvb-tjas\/wp-json\/wp\/v2\/types\/product"}],"wp:featuredmedia":[{"embeddable":true,"href":"https:\/\/www.kvibo.si\/kvb-tjas\/wp-json\/wp\/v2\/media\/40528"}],"wp:attachment":[{"href":"https:\/\/www.kvibo.si\/kvb-tjas\/wp-json\/wp\/v2\/media?parent=36851"}],"wp:term":[{"taxonomy":"product_brand","embeddable":true,"href":"https:\/\/www.kvibo.si\/kvb-tjas\/wp-json\/wp\/v2\/product_brand?post=36851"},{"taxonomy":"product_cat","embeddable":true,"href":"https:\/\/www.kvibo.si\/kvb-tjas\/wp-json\/wp\/v2\/product_cat?post=36851"},{"taxonomy":"product_tag","embeddable":true,"href":"https:\/\/www.kvibo.si\/kvb-tjas\/wp-json\/wp\/v2\/product_tag?post=36851"}],"curies":[{"name":"wp","href":"https:\/\/api.w.org\/{rel}","templated":true}]}}