{"id":36845,"date":"2024-03-27T21:02:30","date_gmt":"2024-03-27T20:02:30","guid":{"rendered":"https:\/\/www.kvibo.si\/kvb-tjas\/product\/70254\/"},"modified":"2026-03-18T19:02:59","modified_gmt":"2026-03-18T18:02:59","slug":"70254","status":"publish","type":"product","link":"https:\/\/www.kvibo.si\/kvb-tjas\/product\/70254\/","title":{"rendered":"Sladoled Milka na pal\u010dki praline, Nestle"},"content":{"rendered":"<p><b>Blagovna znamka:<\/b> Milka<\/p>\n<p>Le\u0161nikov sladoled z mle\u010dno \u010dokoladno in le\u0161nikovim polnilom 20 % v sredini, prelit z mle\u010dno \u010dokolado (z mlekom z Alp) 30 % s ko\u0161\u010dki pra\u017eenih le\u0161nikov 2,5 %.<\/p>\n<p><b>Sestavine:<\/b> MLE\u010cNA \u010dokolada (z MLEKOM z Alp) (sladkor, kakavovo maslo, kakavova masa, posneto MLEKO v prahu z Alp 2,8 %, MLE\u010cNA ma\u0161\u010doba iz MLEKA z Alp 2,4 %, SIROTKA v prahu (mleko), emulgatorji: lecitini (SOJINI), E 476), rekonstituirano posneto MLEKO, sladkor, kokosova ma\u0161\u010doba, glukozni sirup, voda, sladkano kondenzirano MLEKO (polnomastno MLEKO, sladkor), pra\u017eeni LE\u0160NIKI, sirup invertnega sladkorja, MLE\u010cNA \u010dokolada (z MLEKOM z Alp) 1,5 % (sladkor, kakavovo maslo, posneto MLEKO z Alp v prahu 0,18 %, kakavova masa, SIROTKA v prahu (MLEKO), MLE\u010cNA ma\u0161\u010doba z Alp 0,08 %, emulgator: lecitin (SOJIN), LE\u0160NIKOVA pasta, aroma ), manj masten kakav v prahu, LE\u0160NIKOVA pasta 1,5 %, sladka SIROTKA v prahu (MLEKO), emulgator (mono- in digliceridi ma\u0161\u010dobnih kislin, estri mle\u010dne kisline mono- in digliceridov ma\u0161\u010dobnih kislin), stabilizator (gumi ro\u017ei\u010devca, guar gumi), posneto MLEKO v prahu, aroma.<\/p>\n<p><b>Shranjevanje:<\/b> hraniti pri temperaturi pod -18 \u00b0C.<\/p>\n<p><b>Alergeni:<\/b> MLEKO, ORE\u0160KI, SOJA. Lahko vsebuje sledi drugih ORE\u0160\u010cKOV, JAJC in \u017dITARIC, ki vsebujejo GLUTEN.<\/p>\n<p><b>Povpre\u010dna hranilna vrednost na 100 g:<\/b><\/p>\n<table id=\"hranilna-vrednost\">\n<tr>\n<td>Energijska vrednost<\/td>\n<td>1523,0 kJ \/ 365,0 kcal<\/td>\n<\/tr>\n<tr>\n<td>Ma\u0161\u010dobe<\/td>\n<td>23,0 g<\/td>\n<\/tr>\n<tr>\n<td>od tega nenasi\u010dene ma\u0161\u010dobe<\/td>\n<td>14,0 g<\/td>\n<\/tr>\n<tr>\n<td>Ogljikovi hidrati<\/td>\n<td>34,0 g<\/td>\n<\/tr>\n<tr>\n<td>od tega sladkorji<\/td>\n<td>30,0 g<\/td>\n<\/tr>\n<tr>\n<td>Beljakovine<\/td>\n<td>1,6 g<\/td>\n<\/tr>\n<tr>\n<td>Sol<\/td>\n<td>4,3 g<\/td>\n<\/tr>\n<\/table>\n","protected":false},"excerpt":{"rendered":"<p><b>Pakiranje:<\/b> 20 x 90 ml (67 g)<\/p>\n","protected":false},"featured_media":40523,"template":"","meta":{"_acf_changed":false},"product_brand":[],"product_cat":[126],"product_tag":[],"class_list":{"0":"post-36845","1":"product","2":"type-product","3":"status-publish","4":"has-post-thumbnail","6":"product_cat-sladoledna-konfekcija","8":"first","9":"instock","10":"taxable","11":"shipping-taxable","12":"purchasable","13":"product-type-simple"},"acf":[],"_links":{"self":[{"href":"https:\/\/www.kvibo.si\/kvb-tjas\/wp-json\/wp\/v2\/product\/36845","targetHints":{"allow":["GET"]}}],"collection":[{"href":"https:\/\/www.kvibo.si\/kvb-tjas\/wp-json\/wp\/v2\/product"}],"about":[{"href":"https:\/\/www.kvibo.si\/kvb-tjas\/wp-json\/wp\/v2\/types\/product"}],"wp:featuredmedia":[{"embeddable":true,"href":"https:\/\/www.kvibo.si\/kvb-tjas\/wp-json\/wp\/v2\/media\/40523"}],"wp:attachment":[{"href":"https:\/\/www.kvibo.si\/kvb-tjas\/wp-json\/wp\/v2\/media?parent=36845"}],"wp:term":[{"taxonomy":"product_brand","embeddable":true,"href":"https:\/\/www.kvibo.si\/kvb-tjas\/wp-json\/wp\/v2\/product_brand?post=36845"},{"taxonomy":"product_cat","embeddable":true,"href":"https:\/\/www.kvibo.si\/kvb-tjas\/wp-json\/wp\/v2\/product_cat?post=36845"},{"taxonomy":"product_tag","embeddable":true,"href":"https:\/\/www.kvibo.si\/kvb-tjas\/wp-json\/wp\/v2\/product_tag?post=36845"}],"curies":[{"name":"wp","href":"https:\/\/api.w.org\/{rel}","templated":true}]}}