{"id":3590,"date":"2023-03-31T19:01:34","date_gmt":"2023-03-31T17:01:34","guid":{"rendered":"https:\/\/www.kvibo.si\/kvb-tjas\/index.php\/product\/burgerji-goveji-classic-6x120g\/"},"modified":"2025-09-15T15:04:06","modified_gmt":"2025-09-15T13:04:06","slug":"40340","status":"publish","type":"product","link":"https:\/\/www.kvibo.si\/kvb-tjas\/product\/40340\/","title":{"rendered":"Burger goveji, 6 x 120 g, sve\u017ei"},"content":{"rendered":"<p><b>Naro\u010danje:<\/b> 1 dan prej do 14:00<\/p>\n<p>Premer je 9 cm.<\/p>\n<p><b>Sestavine:<\/b> mlado goveje meso do 30 mesecev 99 %, sol, sredstvi za uravnavanje kislosti (E331, E262), antioksidant (E301), posu\u0161ena zelenjava, za\u010dimbe, arome.<\/p>\n<p><b>Shranjevanje:<\/b> hraniti pri temperaturi od +0 \u00b0C do +4 \u00b0C.<\/p>\n<p><b>Povpre\u010dna hranilna vrednost na 100 g:<\/b><\/p>\n<table id=\"hranilna-vrednost\">\n<tr>\n<td>Energijska vrednost<\/td>\n<td>861,0 kJ \/ 207,0 kcal<\/td>\n<\/tr>\n<tr>\n<td>Ma\u0161\u010dobe<\/td>\n<td>15,0 g<\/td>\n<\/tr>\n<tr>\n<td>od tega nenasi\u010dene ma\u0161\u010dobe<\/td>\n<td>6,5 g<\/td>\n<\/tr>\n<tr>\n<td>Ogljikovi hidrati<\/td>\n<td>0,5 g<\/td>\n<\/tr>\n<tr>\n<td>od tega sladkorji<\/td>\n<td>0,5 g<\/td>\n<\/tr>\n<tr>\n<td>Beljakovine<\/td>\n<td>19,0 g<\/td>\n<\/tr>\n<tr>\n<td>Sol<\/td>\n<td>0,9 g<\/td>\n<\/tr>\n<\/table>\n","protected":false},"excerpt":{"rendered":"<p><b>Pakiranje:<\/b> 0,72 kg (6 x 120 g) \/ # 5,76 kg (8 kos)<\/p>\n","protected":false},"featured_media":39956,"template":"","meta":{"_acf_changed":false},"product_brand":[],"product_cat":[133],"product_tag":[],"class_list":{"0":"post-3590","1":"product","2":"type-product","3":"status-publish","4":"has-post-thumbnail","6":"product_cat-mleto-meso-in-izdelki","8":"first","9":"instock","10":"taxable","11":"shipping-taxable","12":"purchasable","13":"product-type-simple"},"acf":[],"_links":{"self":[{"href":"https:\/\/www.kvibo.si\/kvb-tjas\/wp-json\/wp\/v2\/product\/3590","targetHints":{"allow":["GET"]}}],"collection":[{"href":"https:\/\/www.kvibo.si\/kvb-tjas\/wp-json\/wp\/v2\/product"}],"about":[{"href":"https:\/\/www.kvibo.si\/kvb-tjas\/wp-json\/wp\/v2\/types\/product"}],"wp:featuredmedia":[{"embeddable":true,"href":"https:\/\/www.kvibo.si\/kvb-tjas\/wp-json\/wp\/v2\/media\/39956"}],"wp:attachment":[{"href":"https:\/\/www.kvibo.si\/kvb-tjas\/wp-json\/wp\/v2\/media?parent=3590"}],"wp:term":[{"taxonomy":"product_brand","embeddable":true,"href":"https:\/\/www.kvibo.si\/kvb-tjas\/wp-json\/wp\/v2\/product_brand?post=3590"},{"taxonomy":"product_cat","embeddable":true,"href":"https:\/\/www.kvibo.si\/kvb-tjas\/wp-json\/wp\/v2\/product_cat?post=3590"},{"taxonomy":"product_tag","embeddable":true,"href":"https:\/\/www.kvibo.si\/kvb-tjas\/wp-json\/wp\/v2\/product_tag?post=3590"}],"curies":[{"name":"wp","href":"https:\/\/api.w.org\/{rel}","templated":true}]}}