{"id":3356,"date":"2023-03-31T18:54:02","date_gmt":"2023-03-31T16:54:02","guid":{"rendered":"https:\/\/www.kvibo.si\/kvb-tjas\/index.php\/product\/somova-struca-njam-sv\/"},"modified":"2026-03-18T14:02:50","modified_gmt":"2026-03-18T13:02:50","slug":"10538","status":"publish","type":"product","link":"https:\/\/www.kvibo.si\/kvb-tjas\/product\/10538\/","title":{"rendered":"Somova \u0161truca Njam, sve\u017ea"},"content":{"rendered":"<p><b>Naro\u010danje:<\/b> PET do 12:00 za dostavo TOR-PET<\/p>\n<p><b>Sestavine:<\/b> afri\u0161ki SOM (Clarias gariepinus), sve\u017ea JAJCA, ri\u017e, drobtine (P\u0160ENI\u010cNA moka, kvas, sol, za\u010dimbe). <\/p>\n<p><b>Shranjevanje:<\/b> Hraniti pri temperaturi od +2 do + 7 \u00b0C.<\/p>\n<p><b>Alergeni:<\/b> GLUTEN, RIBE, JAJCA. Lahko vsebuje sledi mleka, rakov in mehku\u017ecev.<\/p>\n<p><b>Povpre\u010dna hranilna vrednost na 100 g:<\/b><\/p>\n<table id=\"hranilna-vrednost\">\n<tr>\n<td>Energijska vrednost<\/td>\n<td>518,0 kJ \/ 124,0 kcal<\/td>\n<\/tr>\n<tr>\n<td>Ma\u0161\u010dobe<\/td>\n<td>4,0 g<\/td>\n<\/tr>\n<tr>\n<td>od tega nenasi\u010dene ma\u0161\u010dobe<\/td>\n<td>1,1 g<\/td>\n<\/tr>\n<tr>\n<td>Ogljikovi hidrati<\/td>\n<td>8,5 g<\/td>\n<\/tr>\n<tr>\n<td>od tega sladkorji<\/td>\n<td>0,3 g<\/td>\n<\/tr>\n<tr>\n<td>Beljakovine<\/td>\n<td>13,2 g<\/td>\n<\/tr>\n<tr>\n<td>Sol<\/td>\n<td>0,78 g<\/td>\n<\/tr>\n<\/table>\n","protected":false},"excerpt":{"rendered":"<p><b>Pakiranje:<\/b> 1 kg<\/p>\n","protected":false},"featured_media":39309,"template":"","meta":{"_acf_changed":false},"product_brand":[],"product_cat":[113,105],"product_tag":[],"class_list":{"0":"post-3356","1":"product","2":"type-product","3":"status-publish","4":"has-post-thumbnail","6":"product_cat-njam","7":"product_cat-pripravljeni-ribji-izdelki","9":"first","10":"instock","11":"taxable","12":"shipping-taxable","13":"purchasable","14":"product-type-simple"},"acf":[],"_links":{"self":[{"href":"https:\/\/www.kvibo.si\/kvb-tjas\/wp-json\/wp\/v2\/product\/3356","targetHints":{"allow":["GET"]}}],"collection":[{"href":"https:\/\/www.kvibo.si\/kvb-tjas\/wp-json\/wp\/v2\/product"}],"about":[{"href":"https:\/\/www.kvibo.si\/kvb-tjas\/wp-json\/wp\/v2\/types\/product"}],"wp:featuredmedia":[{"embeddable":true,"href":"https:\/\/www.kvibo.si\/kvb-tjas\/wp-json\/wp\/v2\/media\/39309"}],"wp:attachment":[{"href":"https:\/\/www.kvibo.si\/kvb-tjas\/wp-json\/wp\/v2\/media?parent=3356"}],"wp:term":[{"taxonomy":"product_brand","embeddable":true,"href":"https:\/\/www.kvibo.si\/kvb-tjas\/wp-json\/wp\/v2\/product_brand?post=3356"},{"taxonomy":"product_cat","embeddable":true,"href":"https:\/\/www.kvibo.si\/kvb-tjas\/wp-json\/wp\/v2\/product_cat?post=3356"},{"taxonomy":"product_tag","embeddable":true,"href":"https:\/\/www.kvibo.si\/kvb-tjas\/wp-json\/wp\/v2\/product_tag?post=3356"}],"curies":[{"name":"wp","href":"https:\/\/api.w.org\/{rel}","templated":true}]}}