{"id":3349,"date":"2023-03-31T18:53:51","date_gmt":"2023-03-31T16:53:51","guid":{"rendered":"https:\/\/www.kvibo.si\/kvb-tjas\/index.php\/product\/brancin-svez-ocisc-200-300g-tr-gr\/"},"modified":"2026-03-06T17:01:51","modified_gmt":"2026-03-06T16:01:51","slug":"10524","status":"publish","type":"product","link":"https:\/\/www.kvibo.si\/kvb-tjas\/product\/10524\/","title":{"rendered":"Brancin o\u010di\u0161\u010den, 200-300 g, 6 kg, sve\u017e"},"content":{"rendered":"<p><b>Naro\u010danje:<\/b> 5 dni prej do 14:00<\/p>\n<p><b>Sestavine:<\/b> BRANCIN (Dicentrarchus labrax).<\/p>\n<p><b>Shranjevanje:<\/b> hraniti pri temperaturi  +0 \u00b0C do +2 \u00b0C.<\/p>\n","protected":false},"excerpt":{"rendered":"<p><b>Pakiranje:<\/b> Ka\u0161eta 6 kg<\/p>\n","protected":false},"featured_media":0,"template":"","meta":{"_acf_changed":false},"product_brand":[],"product_cat":[36],"product_tag":[],"class_list":{"0":"post-3349","1":"product","2":"type-product","3":"status-publish","5":"product_cat-sveze-ribe-in-skoljke","7":"first","8":"instock","9":"taxable","10":"shipping-taxable","11":"purchasable","12":"product-type-simple"},"acf":[],"_links":{"self":[{"href":"https:\/\/www.kvibo.si\/kvb-tjas\/wp-json\/wp\/v2\/product\/3349","targetHints":{"allow":["GET"]}}],"collection":[{"href":"https:\/\/www.kvibo.si\/kvb-tjas\/wp-json\/wp\/v2\/product"}],"about":[{"href":"https:\/\/www.kvibo.si\/kvb-tjas\/wp-json\/wp\/v2\/types\/product"}],"wp:attachment":[{"href":"https:\/\/www.kvibo.si\/kvb-tjas\/wp-json\/wp\/v2\/media?parent=3349"}],"wp:term":[{"taxonomy":"product_brand","embeddable":true,"href":"https:\/\/www.kvibo.si\/kvb-tjas\/wp-json\/wp\/v2\/product_brand?post=3349"},{"taxonomy":"product_cat","embeddable":true,"href":"https:\/\/www.kvibo.si\/kvb-tjas\/wp-json\/wp\/v2\/product_cat?post=3349"},{"taxonomy":"product_tag","embeddable":true,"href":"https:\/\/www.kvibo.si\/kvb-tjas\/wp-json\/wp\/v2\/product_tag?post=3349"}],"curies":[{"name":"wp","href":"https:\/\/api.w.org\/{rel}","templated":true}]}}