{"id":32997,"date":"2023-11-29T13:00:55","date_gmt":"2023-11-29T12:00:55","guid":{"rendered":"https:\/\/www.kvibo.si\/kvb-tjas\/product\/14254\/"},"modified":"2026-03-17T10:02:00","modified_gmt":"2026-03-17T09:02:00","slug":"14254","status":"publish","type":"product","link":"https:\/\/www.kvibo.si\/kvb-tjas\/product\/14254\/","title":{"rendered":"Drobnjak rezan, TopGastro, 75 g"},"content":{"rendered":"<p><b>Blagovna znamka:<\/b> TopGastro<\/p>\n<p><b>Sestavine:<\/b> drobnjak. Lahko vsebuje sledi \u017eit, ki vsebujejo GLUTEN, ZELENE, GOR\u010cI\u010cNEGA SEMENA in \u017dVEPLOVEGA DIOKSIDA.<\/p>\n<p><b>Shranjevanje:<\/b> hraniti na temnem, hladnem in suhem mestu.<\/p>\n<p><b>Alergeni:<\/b> Lahko vsebuje sledi GLUTENA, GOR\u010cI\u010cNEGA SEMENA, ZELENE, ORE\u0160KOV in SULFITOV.<\/p>\n<p><b>Povpre\u010dna hranilna vrednost na 100 g:<\/b><\/p>\n<table id=\"hranilna-vrednost\">\n<tr>\n<td>Energijska vrednost<\/td>\n<td>1347,0 kJ \/ 321,0 kcal<\/td>\n<\/tr>\n<tr>\n<td>Ma\u0161\u010dobe<\/td>\n<td>3,5 g<\/td>\n<\/tr>\n<tr>\n<td>od tega nenasi\u010dene ma\u0161\u010dobe<\/td>\n<td>0,6 g<\/td>\n<\/tr>\n<tr>\n<td>Ogljikovi hidrati<\/td>\n<td>38,1 g<\/td>\n<\/tr>\n<tr>\n<td>od tega sladkorji<\/td>\n<td>0,0 g<\/td>\n<\/tr>\n<tr>\n<td>Beljakovine<\/td>\n<td>21,2 g<\/td>\n<\/tr>\n<tr>\n<td>Sol<\/td>\n<td>0,2 g<\/td>\n<\/tr>\n<\/table>\n","protected":false},"excerpt":{"rendered":"<p><b>Pakiranje:<\/b> 75 g \/ # 16 x 75 g<\/p>\n","protected":false},"featured_media":39429,"template":"","meta":{"_acf_changed":false},"product_brand":[],"product_cat":[85],"product_tag":[],"class_list":{"0":"post-32997","1":"product","2":"type-product","3":"status-publish","4":"has-post-thumbnail","6":"product_cat-zacimbe","8":"first","9":"instock","10":"taxable","11":"shipping-taxable","12":"purchasable","13":"product-type-simple"},"acf":[],"_links":{"self":[{"href":"https:\/\/www.kvibo.si\/kvb-tjas\/wp-json\/wp\/v2\/product\/32997","targetHints":{"allow":["GET"]}}],"collection":[{"href":"https:\/\/www.kvibo.si\/kvb-tjas\/wp-json\/wp\/v2\/product"}],"about":[{"href":"https:\/\/www.kvibo.si\/kvb-tjas\/wp-json\/wp\/v2\/types\/product"}],"wp:featuredmedia":[{"embeddable":true,"href":"https:\/\/www.kvibo.si\/kvb-tjas\/wp-json\/wp\/v2\/media\/39429"}],"wp:attachment":[{"href":"https:\/\/www.kvibo.si\/kvb-tjas\/wp-json\/wp\/v2\/media?parent=32997"}],"wp:term":[{"taxonomy":"product_brand","embeddable":true,"href":"https:\/\/www.kvibo.si\/kvb-tjas\/wp-json\/wp\/v2\/product_brand?post=32997"},{"taxonomy":"product_cat","embeddable":true,"href":"https:\/\/www.kvibo.si\/kvb-tjas\/wp-json\/wp\/v2\/product_cat?post=32997"},{"taxonomy":"product_tag","embeddable":true,"href":"https:\/\/www.kvibo.si\/kvb-tjas\/wp-json\/wp\/v2\/product_tag?post=32997"}],"curies":[{"name":"wp","href":"https:\/\/api.w.org\/{rel}","templated":true}]}}