{"id":32028,"date":"2023-11-03T14:01:07","date_gmt":"2023-11-03T13:01:07","guid":{"rendered":"https:\/\/www.kvibo.si\/kvb-tjas\/product\/30516\/"},"modified":"2025-11-10T12:13:05","modified_gmt":"2025-11-10T11:13:05","slug":"30516","status":"publish","type":"product","link":"https:\/\/www.kvibo.si\/kvb-tjas\/product\/30516\/","title":{"rendered":"Pomfri French fries 7&#215;7 Super Crunch Aviko, 2,5 kg, zm."},"content":{"rendered":"<p><b>Sestavine:<\/b> krompir, son\u010dni\u010dno olje, modificiran krompirjev \u0161krob, ri\u017eeva moka, sol, dekstrin, sredstvi za vzhajanje: E450 in E500, maltodekstrin, zgo\u0161\u010devalec: E451, kurkuma, izvle\u010dek paprike.<\/p>\n<p><b>Shranjevanje:<\/b> hraniti pri temperaturi pod -18 \u00b0C.<\/p>\n<p><b>Alergeni:<\/b> (brez)<\/p>\n<p><b>Povpre\u010dna hranilna vrednost na 100 g:<\/b><\/p>\n<table id=\"hranilna-vrednost\">\n<tr>\n<td>Energijska vrednost<\/td>\n<td>718,0 kJ \/ 171,0 kcal<\/td>\n<\/tr>\n<tr>\n<td>Ma\u0161\u010dobe<\/td>\n<td>6,0 g<\/td>\n<\/tr>\n<tr>\n<td>od tega nenasi\u010dene ma\u0161\u010dobe<\/td>\n<td>0,0 g<\/td>\n<\/tr>\n<tr>\n<td>Ogljikovi hidrati<\/td>\n<td>26,0 g<\/td>\n<\/tr>\n<tr>\n<td>od tega sladkorji<\/td>\n<td>0,0 g<\/td>\n<\/tr>\n<tr>\n<td>Beljakovine<\/td>\n<td>2,5 g<\/td>\n<\/tr>\n<tr>\n<td>Sol<\/td>\n<td>0,0 g<\/td>\n<\/tr>\n<\/table>\n","protected":false},"excerpt":{"rendered":"<p><b>Pakiranje:<\/b> 2,5 kg \/ # 4 x 2,5 kg<\/p>\n","protected":false},"featured_media":39709,"template":"","meta":{"_acf_changed":false},"product_brand":[],"product_cat":[91],"product_tag":[],"class_list":{"0":"post-32028","1":"product","2":"type-product","3":"status-publish","4":"has-post-thumbnail","6":"product_cat-zamrznjeni-krompirjevi-izdelki","8":"first","9":"instock","10":"taxable","11":"shipping-taxable","12":"purchasable","13":"product-type-simple"},"acf":[],"_links":{"self":[{"href":"https:\/\/www.kvibo.si\/kvb-tjas\/wp-json\/wp\/v2\/product\/32028","targetHints":{"allow":["GET"]}}],"collection":[{"href":"https:\/\/www.kvibo.si\/kvb-tjas\/wp-json\/wp\/v2\/product"}],"about":[{"href":"https:\/\/www.kvibo.si\/kvb-tjas\/wp-json\/wp\/v2\/types\/product"}],"wp:featuredmedia":[{"embeddable":true,"href":"https:\/\/www.kvibo.si\/kvb-tjas\/wp-json\/wp\/v2\/media\/39709"}],"wp:attachment":[{"href":"https:\/\/www.kvibo.si\/kvb-tjas\/wp-json\/wp\/v2\/media?parent=32028"}],"wp:term":[{"taxonomy":"product_brand","embeddable":true,"href":"https:\/\/www.kvibo.si\/kvb-tjas\/wp-json\/wp\/v2\/product_brand?post=32028"},{"taxonomy":"product_cat","embeddable":true,"href":"https:\/\/www.kvibo.si\/kvb-tjas\/wp-json\/wp\/v2\/product_cat?post=32028"},{"taxonomy":"product_tag","embeddable":true,"href":"https:\/\/www.kvibo.si\/kvb-tjas\/wp-json\/wp\/v2\/product_tag?post=32028"}],"curies":[{"name":"wp","href":"https:\/\/api.w.org\/{rel}","templated":true}]}}