{"id":31464,"date":"2023-08-18T19:01:15","date_gmt":"2023-08-18T17:01:15","guid":{"rendered":"https:\/\/www.kvibo.si\/kvb-tjas\/product\/41213\/"},"modified":"2026-03-17T13:03:47","modified_gmt":"2026-03-17T12:03:47","slug":"41213","status":"publish","type":"product","link":"https:\/\/www.kvibo.si\/kvb-tjas\/product\/41213\/","title":{"rendered":"Rastlinska krema za stepanje, Decor up, 1 L"},"content":{"rendered":"<p><b>Sestavine:<\/b> voda, polno hidrogenizirana rastlinska olja in ma\u0161\u010dobe 26,5 % (ma\u0161\u010dobe (palmina jedrca), olja, (repi\u010dno, koruzno, sojino v spremenljivih razmerjih), sladkor, stabilizator (E420ii, E463), MLE\u010cNI proteini, emulgator (E472e, E322 SOJIN lecitin), sol, arome, barvilo: beta karoten.<\/p>\n<p><b>Shranjevanje:<\/b> hraniti pri temperaturi od +2 \u00b0C do +20 \u00b0C.<\/p>\n<p><b>Povpre\u010dna hranilna vrednost na 100 g:<\/b><\/p>\n<table id=\"hranilna-vrednost\">\n<tr>\n<td>Energijska vrednost<\/td>\n<td>1193,0 kJ \/ 289,0 kcal<\/td>\n<\/tr>\n<tr>\n<td>Ma\u0161\u010dobe<\/td>\n<td>27,0 g<\/td>\n<\/tr>\n<tr>\n<td>od tega nenasi\u010dene ma\u0161\u010dobe<\/td>\n<td>26,0 g<\/td>\n<\/tr>\n<tr>\n<td>Ogljikovi hidrati<\/td>\n<td>12,0 g<\/td>\n<\/tr>\n<tr>\n<td>od tega sladkorji<\/td>\n<td>12,0 g<\/td>\n<\/tr>\n<tr>\n<td>Beljakovine<\/td>\n<td>0,5 g<\/td>\n<\/tr>\n<tr>\n<td>Sol<\/td>\n<td>0,14 g<\/td>\n<\/tr>\n<\/table>\n","protected":false},"excerpt":{"rendered":"<p><b>Pakiranje:<\/b> 1 L \/ # 12 x 1 L<\/p>\n","protected":false},"featured_media":40111,"template":"","meta":{"_acf_changed":false},"product_brand":[],"product_cat":[70],"product_tag":[],"class_list":{"0":"post-31464","1":"product","2":"type-product","3":"status-publish","4":"has-post-thumbnail","6":"product_cat-mleko-mlecni-izdelki-in-nadomestki","8":"first","9":"instock","10":"taxable","11":"shipping-taxable","12":"purchasable","13":"product-type-simple"},"acf":[],"_links":{"self":[{"href":"https:\/\/www.kvibo.si\/kvb-tjas\/wp-json\/wp\/v2\/product\/31464","targetHints":{"allow":["GET"]}}],"collection":[{"href":"https:\/\/www.kvibo.si\/kvb-tjas\/wp-json\/wp\/v2\/product"}],"about":[{"href":"https:\/\/www.kvibo.si\/kvb-tjas\/wp-json\/wp\/v2\/types\/product"}],"wp:featuredmedia":[{"embeddable":true,"href":"https:\/\/www.kvibo.si\/kvb-tjas\/wp-json\/wp\/v2\/media\/40111"}],"wp:attachment":[{"href":"https:\/\/www.kvibo.si\/kvb-tjas\/wp-json\/wp\/v2\/media?parent=31464"}],"wp:term":[{"taxonomy":"product_brand","embeddable":true,"href":"https:\/\/www.kvibo.si\/kvb-tjas\/wp-json\/wp\/v2\/product_brand?post=31464"},{"taxonomy":"product_cat","embeddable":true,"href":"https:\/\/www.kvibo.si\/kvb-tjas\/wp-json\/wp\/v2\/product_cat?post=31464"},{"taxonomy":"product_tag","embeddable":true,"href":"https:\/\/www.kvibo.si\/kvb-tjas\/wp-json\/wp\/v2\/product_tag?post=31464"}],"curies":[{"name":"wp","href":"https:\/\/api.w.org\/{rel}","templated":true}]}}