{"id":1845,"date":"2022-10-19T12:47:24","date_gmt":"2022-10-19T10:47:24","guid":{"rendered":"https:\/\/www.kvibo.si\/kvb-tjas\/?post_type=product&#038;p=1845"},"modified":"2026-02-05T16:01:44","modified_gmt":"2026-02-05T15:01:44","slug":"10363","status":"publish","type":"product","link":"https:\/\/www.kvibo.si\/kvb-tjas\/product\/10363\/","title":{"rendered":"Hobotnica, Dobrote morja, 2-3 kg, zm."},"content":{"rendered":"<p><b>Neto koli\u010dina:<\/b> do 2,82 kg. <\/p>\n<p><b>Sestavine:<\/b> HOBOTNICA, voda, sol, antioksidant: E330, sredstvi za uravnavanje kislosti: E331 in E501.<\/p>\n<p><b>Shranjevanje:<\/b> hraniti pri temperaturi pod -18 \u00b0C.<\/p>\n<p><b>Alergeni:<\/b> MEHKU\u017dCI.<\/p>\n<p><b>Povpre\u010dna hranilna vrednost na 100 g:<\/b><\/p>\n<table id=\"hranilna-vrednost\">\n<tr>\n<td>Energijska vrednost<\/td>\n<td>303,0 kJ \/ 71,0 kcal<\/td>\n<\/tr>\n<tr>\n<td>Ma\u0161\u010dobe<\/td>\n<td>0,6 g<\/td>\n<\/tr>\n<tr>\n<td>od tega nenasi\u010dene ma\u0161\u010dobe<\/td>\n<td>0,4 g<\/td>\n<\/tr>\n<tr>\n<td>Ogljikovi hidrati<\/td>\n<td>0,5 g<\/td>\n<\/tr>\n<tr>\n<td>od tega sladkorji<\/td>\n<td>0,1 g<\/td>\n<\/tr>\n<tr>\n<td>Beljakovine<\/td>\n<td>16,0 g<\/td>\n<\/tr>\n<tr>\n<td>Sol<\/td>\n<td>1,1 g<\/td>\n<\/tr>\n<\/table>\n","protected":false},"excerpt":{"rendered":"<p><b>Pakiranje:<\/b> 2,0-3,0 kg (do 2,82 kg) \/ # 5-6 x 3 kg<\/p>\n","protected":false},"featured_media":39271,"template":"","meta":{"_acf_changed":false},"product_brand":[],"product_cat":[112,93],"product_tag":[],"class_list":{"0":"post-1845","1":"product","2":"type-product","3":"status-publish","4":"has-post-thumbnail","6":"product_cat-dobrote-morja","7":"product_cat-zamrznjeni-mehkuzci","9":"first","10":"instock","11":"taxable","12":"shipping-taxable","13":"purchasable","14":"product-type-simple"},"acf":[],"_links":{"self":[{"href":"https:\/\/www.kvibo.si\/kvb-tjas\/wp-json\/wp\/v2\/product\/1845","targetHints":{"allow":["GET"]}}],"collection":[{"href":"https:\/\/www.kvibo.si\/kvb-tjas\/wp-json\/wp\/v2\/product"}],"about":[{"href":"https:\/\/www.kvibo.si\/kvb-tjas\/wp-json\/wp\/v2\/types\/product"}],"wp:featuredmedia":[{"embeddable":true,"href":"https:\/\/www.kvibo.si\/kvb-tjas\/wp-json\/wp\/v2\/media\/39271"}],"wp:attachment":[{"href":"https:\/\/www.kvibo.si\/kvb-tjas\/wp-json\/wp\/v2\/media?parent=1845"}],"wp:term":[{"taxonomy":"product_brand","embeddable":true,"href":"https:\/\/www.kvibo.si\/kvb-tjas\/wp-json\/wp\/v2\/product_brand?post=1845"},{"taxonomy":"product_cat","embeddable":true,"href":"https:\/\/www.kvibo.si\/kvb-tjas\/wp-json\/wp\/v2\/product_cat?post=1845"},{"taxonomy":"product_tag","embeddable":true,"href":"https:\/\/www.kvibo.si\/kvb-tjas\/wp-json\/wp\/v2\/product_tag?post=1845"}],"curies":[{"name":"wp","href":"https:\/\/api.w.org\/{rel}","templated":true}]}}