{"id":1570,"date":"2022-10-19T12:45:46","date_gmt":"2022-10-19T10:45:46","guid":{"rendered":"https:\/\/www.kvibo.si\/kvb-tjas\/?post_type=product&#038;p=1570"},"modified":"2025-11-10T12:17:32","modified_gmt":"2025-11-10T11:17:32","slug":"60030","status":"publish","type":"product","link":"https:\/\/www.kvibo.si\/kvb-tjas\/product\/60030\/","title":{"rendered":"Lazanja \u0161pina\u010dna, 4,6 kg, zm."},"content":{"rendered":"<p><b>Sestavine:<\/b> voda, testo za lazanjo (P\u0160ENI\u010cNI zdrob, JAJCA), \u0161pina\u010da 14%, P\u0160ENI\u010cNA bela moka, polnomastno MLEKo v prahu, margarina (rastlinska olja (palmovo, repi\u010dno), voda, emulgatorji (E471), sredstvo za uravnavanje kislosti &#8211; citronska kislina (E330)), SIR (pasterizirano kravje MLEKO, sredstvo proti strjevanju (krompirjev \u0161krob), sol, siri\u0161\u010de, sirarske kulture), JAJCE v prahu, \u010desen, vegeta (jodirana sol (sol, kalijev jodat), su\u0161ena zelenjava 15,5% (korenje, rebrinec, krompir, \u010debula, ZELENA, list peter\u0161ilja), oja\u010devalca arome: mononatrijev glutamat, dinatrijev inozinat; sladkor, za\u010dimbe, koruzni \u0161krob, barvilo: riboflavin), jodirana sol, mu\u0161katni ore\u0161\u010dek. Lahko vsebuje sledove SOJE, GOR\u010cICE in ORE\u0160KOV.<\/p>\n<p><b>Shranjevanje:<\/b> hraniti pri temperaturi pod -18 \u00b0C.<br \/>\nNavodilo za pripravo: Parno konvekcijska pe\u010dica: Zamrznjeno jed polo\u017eite v gastro peka\u010d, ki ste ga predhodno namazali z ma\u0161\u010dobo. Pecite pri 160\u00b0C pribli\u017eno 50 minut, nato \u0161e 12 minut pri 200\u00b0C. Pecite s srednjo soparo. \u010ce jed predhodno odtalite, se \u010das pe\u010denja skraj\u0161a. \u010cas priprave je odvisen od vrste parno konvekcijske pe\u010dice, ki jo uporabljate.<\/p>\n<p><b>Alergeni:<\/b> GLUTEN, JAJCA, ZELENA, MLEKO. Lahko vsebuje sledi SOJE, GOR\u010cICE in ORE\u0160KOV.<\/p>\n<p><b>Povpre\u010dna hranilna vrednost na 100 g:<\/b><\/p>\n<table id=\"hranilna-vrednost\">\n<tr>\n<td>Energijska vrednost<\/td>\n<td>673,0 kJ \/ 160,0 kcal<\/td>\n<\/tr>\n<tr>\n<td>Ma\u0161\u010dobe<\/td>\n<td>7,3 g<\/td>\n<\/tr>\n<tr>\n<td>od tega nenasi\u010dene ma\u0161\u010dobe<\/td>\n<td>3,6 g<\/td>\n<\/tr>\n<tr>\n<td>Ogljikovi hidrati<\/td>\n<td>18,0 g<\/td>\n<\/tr>\n<tr>\n<td>od tega sladkorji<\/td>\n<td>2,4 g<\/td>\n<\/tr>\n<tr>\n<td>Beljakovine<\/td>\n<td>5,8 g<\/td>\n<\/tr>\n<tr>\n<td>Sol<\/td>\n<td>0,54 g<\/td>\n<\/tr>\n<\/table>\n","protected":false},"excerpt":{"rendered":"<p><b>Pakiranje:<\/b> 4,6 kg \/ # 23 kg (5 x 4,6 kg)<\/p>\n","protected":false},"featured_media":40314,"template":"","meta":{"_acf_changed":false},"product_brand":[],"product_cat":[106],"product_tag":[],"class_list":{"0":"post-1570","1":"product","2":"type-product","3":"status-publish","4":"has-post-thumbnail","6":"product_cat-pripravljeni-zelenjavni-in-mlecni-izdelki","8":"first","9":"instock","10":"taxable","11":"shipping-taxable","12":"purchasable","13":"product-type-simple"},"acf":[],"_links":{"self":[{"href":"https:\/\/www.kvibo.si\/kvb-tjas\/wp-json\/wp\/v2\/product\/1570","targetHints":{"allow":["GET"]}}],"collection":[{"href":"https:\/\/www.kvibo.si\/kvb-tjas\/wp-json\/wp\/v2\/product"}],"about":[{"href":"https:\/\/www.kvibo.si\/kvb-tjas\/wp-json\/wp\/v2\/types\/product"}],"wp:featuredmedia":[{"embeddable":true,"href":"https:\/\/www.kvibo.si\/kvb-tjas\/wp-json\/wp\/v2\/media\/40314"}],"wp:attachment":[{"href":"https:\/\/www.kvibo.si\/kvb-tjas\/wp-json\/wp\/v2\/media?parent=1570"}],"wp:term":[{"taxonomy":"product_brand","embeddable":true,"href":"https:\/\/www.kvibo.si\/kvb-tjas\/wp-json\/wp\/v2\/product_brand?post=1570"},{"taxonomy":"product_cat","embeddable":true,"href":"https:\/\/www.kvibo.si\/kvb-tjas\/wp-json\/wp\/v2\/product_cat?post=1570"},{"taxonomy":"product_tag","embeddable":true,"href":"https:\/\/www.kvibo.si\/kvb-tjas\/wp-json\/wp\/v2\/product_tag?post=1570"}],"curies":[{"name":"wp","href":"https:\/\/api.w.org\/{rel}","templated":true}]}}