{"id":1325,"date":"2022-10-19T12:44:44","date_gmt":"2022-10-19T10:44:44","guid":{"rendered":"https:\/\/www.kvibo.si\/kvb-tjas\/?post_type=product&#038;p=1325"},"modified":"2026-03-02T14:03:12","modified_gmt":"2026-03-02T13:03:12","slug":"60629","status":"publish","type":"product","link":"https:\/\/www.kvibo.si\/kvb-tjas\/product\/60629\/","title":{"rendered":"Testenine svedri (fusili) polnozrnati, Barilla, 500 g"},"content":{"rendered":"<p><b>Sestavine:<\/b> polnozrnati durum P\u0160ENI\u010cNI zdrob, voda. Lahko vsebuje sledi SOJE in GOR\u010cICE.<\/p>\n<p><b>Shranjevanje:<\/b> hraniti v temnem, suhem in hladnem mestu.<\/p>\n<p><b>Povpre\u010dna hranilna vrednost na 100 g:<\/b><\/p>\n<table id=\"hranilna-vrednost\">\n<tr>\n<td>Energijska vrednost<\/td>\n<td>1466,0 kJ \/ 347,0 kcal<\/td>\n<\/tr>\n<tr>\n<td>Ma\u0161\u010dobe<\/td>\n<td>2,5 g<\/td>\n<\/tr>\n<tr>\n<td>od tega nenasi\u010dene ma\u0161\u010dobe<\/td>\n<td>0,5 g<\/td>\n<\/tr>\n<tr>\n<td>Ogljikovi hidrati<\/td>\n<td>64,0 g<\/td>\n<\/tr>\n<tr>\n<td>od tega sladkorji<\/td>\n<td>3,5 g<\/td>\n<\/tr>\n<tr>\n<td>Beljakovine<\/td>\n<td>13,0 g<\/td>\n<\/tr>\n<tr>\n<td>Sol<\/td>\n<td>0,01 g<\/td>\n<\/tr>\n<\/table>\n","protected":false},"excerpt":{"rendered":"<p><b>Pakiranje:<\/b> 500 g \/ # 12 x 500 g<\/p>\n","protected":false},"featured_media":40401,"template":"","meta":{"_acf_changed":false},"product_brand":[],"product_cat":[123,37],"product_tag":[],"class_list":{"0":"post-1325","1":"product","2":"type-product","3":"status-publish","4":"has-post-thumbnail","6":"product_cat-akcija-trajno-znizano","7":"product_cat-suhe-testenine","9":"first","10":"instock","11":"sale","12":"taxable","13":"shipping-taxable","14":"purchasable","15":"product-type-simple"},"acf":[],"_links":{"self":[{"href":"https:\/\/www.kvibo.si\/kvb-tjas\/wp-json\/wp\/v2\/product\/1325","targetHints":{"allow":["GET"]}}],"collection":[{"href":"https:\/\/www.kvibo.si\/kvb-tjas\/wp-json\/wp\/v2\/product"}],"about":[{"href":"https:\/\/www.kvibo.si\/kvb-tjas\/wp-json\/wp\/v2\/types\/product"}],"wp:featuredmedia":[{"embeddable":true,"href":"https:\/\/www.kvibo.si\/kvb-tjas\/wp-json\/wp\/v2\/media\/40401"}],"wp:attachment":[{"href":"https:\/\/www.kvibo.si\/kvb-tjas\/wp-json\/wp\/v2\/media?parent=1325"}],"wp:term":[{"taxonomy":"product_brand","embeddable":true,"href":"https:\/\/www.kvibo.si\/kvb-tjas\/wp-json\/wp\/v2\/product_brand?post=1325"},{"taxonomy":"product_cat","embeddable":true,"href":"https:\/\/www.kvibo.si\/kvb-tjas\/wp-json\/wp\/v2\/product_cat?post=1325"},{"taxonomy":"product_tag","embeddable":true,"href":"https:\/\/www.kvibo.si\/kvb-tjas\/wp-json\/wp\/v2\/product_tag?post=1325"}],"curies":[{"name":"wp","href":"https:\/\/api.w.org\/{rel}","templated":true}]}}