{"id":1288,"date":"2022-10-19T12:44:32","date_gmt":"2022-10-19T10:44:32","guid":{"rendered":"https:\/\/www.kvibo.si\/kvb-tjas\/?post_type=product&#038;p=1288"},"modified":"2025-05-19T17:01:17","modified_gmt":"2025-05-19T15:01:17","slug":"60636","status":"publish","type":"product","link":"https:\/\/www.kvibo.si\/kvb-tjas\/product\/60636\/","title":{"rendered":"Testenine peresniki (Penne rigate) polnozrnati, Barilla, 500 g"},"content":{"rendered":"<p><b>Sestavine:<\/b> polnozrnati durum P\u0160ENI\u010cNI zdrob, voda. Lahko vsebuje sledi SOJE. <\/p>\n<p><b>Shranjevanje:<\/b> hraniti v temnem, suhem in hladnem prostoru.<\/p>\n<p><b>Povpre\u010dna hranilna vrednost na 100 g:<\/b><\/p>\n<table id=\"hranilna-vrednost\">\n<tr>\n<td>Energijska vrednost<\/td>\n<td>1466,0 kJ \/ 347,0 kcal<\/td>\n<\/tr>\n<tr>\n<td>Ma\u0161\u010dobe<\/td>\n<td>2,5 g<\/td>\n<\/tr>\n<tr>\n<td>od tega nenasi\u010dene ma\u0161\u010dobe<\/td>\n<td>0,5 g<\/td>\n<\/tr>\n<tr>\n<td>Ogljikovi hidrati<\/td>\n<td>64,0 g<\/td>\n<\/tr>\n<tr>\n<td>od tega sladkorji<\/td>\n<td>3,5 g<\/td>\n<\/tr>\n<tr>\n<td>Beljakovine<\/td>\n<td>13,0 g<\/td>\n<\/tr>\n<tr>\n<td>Sol<\/td>\n<td>0,01 g<\/td>\n<\/tr>\n<\/table>\n","protected":false},"excerpt":{"rendered":"<p><b>Pakiranje:<\/b> 500 g \/ # 14 x 500 g<\/p>\n","protected":false},"featured_media":43409,"template":"","meta":{"_acf_changed":false},"product_brand":[],"product_cat":[37],"product_tag":[],"class_list":{"0":"post-1288","1":"product","2":"type-product","3":"status-publish","4":"has-post-thumbnail","6":"product_cat-suhe-testenine","8":"first","9":"instock","10":"taxable","11":"shipping-taxable","12":"purchasable","13":"product-type-simple"},"acf":[],"_links":{"self":[{"href":"https:\/\/www.kvibo.si\/kvb-tjas\/wp-json\/wp\/v2\/product\/1288","targetHints":{"allow":["GET"]}}],"collection":[{"href":"https:\/\/www.kvibo.si\/kvb-tjas\/wp-json\/wp\/v2\/product"}],"about":[{"href":"https:\/\/www.kvibo.si\/kvb-tjas\/wp-json\/wp\/v2\/types\/product"}],"wp:featuredmedia":[{"embeddable":true,"href":"https:\/\/www.kvibo.si\/kvb-tjas\/wp-json\/wp\/v2\/media\/43409"}],"wp:attachment":[{"href":"https:\/\/www.kvibo.si\/kvb-tjas\/wp-json\/wp\/v2\/media?parent=1288"}],"wp:term":[{"taxonomy":"product_brand","embeddable":true,"href":"https:\/\/www.kvibo.si\/kvb-tjas\/wp-json\/wp\/v2\/product_brand?post=1288"},{"taxonomy":"product_cat","embeddable":true,"href":"https:\/\/www.kvibo.si\/kvb-tjas\/wp-json\/wp\/v2\/product_cat?post=1288"},{"taxonomy":"product_tag","embeddable":true,"href":"https:\/\/www.kvibo.si\/kvb-tjas\/wp-json\/wp\/v2\/product_tag?post=1288"}],"curies":[{"name":"wp","href":"https:\/\/api.w.org\/{rel}","templated":true}]}}