{"id":1112,"date":"2022-10-19T12:43:50","date_gmt":"2022-10-19T10:43:50","guid":{"rendered":"https:\/\/www.kvibo.si\/kvb-tjas\/?post_type=product&#038;p=1112"},"modified":"2026-03-17T10:02:20","modified_gmt":"2026-03-17T09:02:20","slug":"30398","status":"publish","type":"product","link":"https:\/\/www.kvibo.si\/kvb-tjas\/product\/30398\/","title":{"rendered":"Perutni\u010dke s pikantnimi za\u010dimbami, McCain, 1 kg, zm."},"content":{"rendered":"<p>V vre\u010dki je 23 do 37 kos po 27-36 g.<\/p>\n<p><b>Sestavine:<\/b> pi\u0161\u010dan\u010dje perutni\u010dke, marinada (voda, maltodekstrin, \u0161krob, sladkor, sol, arome, za\u010dimbni ekstrat, regulator kislosti (citronska kislina), ekstrat kvasa, repi\u010dno olje. <\/p>\n<p><b>Shranjevanje:<\/b> hraniti pri temperaturi pod -18 \u00b0C.<\/p>\n<p><b>Alergeni:<\/b> (brez)<\/p>\n<p><b>Povpre\u010dna hranilna vrednost na 100 g:<\/b><\/p>\n<table id=\"hranilna-vrednost\">\n<tr>\n<td>Energijska vrednost<\/td>\n<td>778,0 kJ \/ 187,0 kcal<\/td>\n<\/tr>\n<tr>\n<td>Ma\u0161\u010dobe<\/td>\n<td>11,5 g<\/td>\n<\/tr>\n<tr>\n<td>od tega nenasi\u010dene ma\u0161\u010dobe<\/td>\n<td>2,5 g<\/td>\n<\/tr>\n<tr>\n<td>Ogljikovi hidrati<\/td>\n<td>2,0 g<\/td>\n<\/tr>\n<tr>\n<td>od tega sladkorji<\/td>\n<td>0,8 g<\/td>\n<\/tr>\n<tr>\n<td>Beljakovine<\/td>\n<td>18,5 g<\/td>\n<\/tr>\n<tr>\n<td>Sol<\/td>\n<td>1,2 g<\/td>\n<\/tr>\n<\/table>\n","protected":false},"excerpt":{"rendered":"<p><b>Pakiranje:<\/b> 1 kg \/ # 5 kg (5 \u00d7 1 kg)<\/p>\n","protected":false},"featured_media":39662,"template":"","meta":{"_acf_changed":false},"product_brand":[],"product_cat":[104],"product_tag":[],"class_list":{"0":"post-1112","1":"product","2":"type-product","3":"status-publish","4":"has-post-thumbnail","6":"product_cat-pripravljeni-mesni-izdelki","8":"first","9":"instock","10":"taxable","11":"shipping-taxable","12":"purchasable","13":"product-type-simple"},"acf":[],"_links":{"self":[{"href":"https:\/\/www.kvibo.si\/kvb-tjas\/wp-json\/wp\/v2\/product\/1112","targetHints":{"allow":["GET"]}}],"collection":[{"href":"https:\/\/www.kvibo.si\/kvb-tjas\/wp-json\/wp\/v2\/product"}],"about":[{"href":"https:\/\/www.kvibo.si\/kvb-tjas\/wp-json\/wp\/v2\/types\/product"}],"wp:featuredmedia":[{"embeddable":true,"href":"https:\/\/www.kvibo.si\/kvb-tjas\/wp-json\/wp\/v2\/media\/39662"}],"wp:attachment":[{"href":"https:\/\/www.kvibo.si\/kvb-tjas\/wp-json\/wp\/v2\/media?parent=1112"}],"wp:term":[{"taxonomy":"product_brand","embeddable":true,"href":"https:\/\/www.kvibo.si\/kvb-tjas\/wp-json\/wp\/v2\/product_brand?post=1112"},{"taxonomy":"product_cat","embeddable":true,"href":"https:\/\/www.kvibo.si\/kvb-tjas\/wp-json\/wp\/v2\/product_cat?post=1112"},{"taxonomy":"product_tag","embeddable":true,"href":"https:\/\/www.kvibo.si\/kvb-tjas\/wp-json\/wp\/v2\/product_tag?post=1112"}],"curies":[{"name":"wp","href":"https:\/\/api.w.org\/{rel}","templated":true}]}}