{"id":1008,"date":"2022-10-19T12:43:09","date_gmt":"2022-10-19T10:43:09","guid":{"rendered":"https:\/\/www.kvibo.si\/kvb-tjas\/?post_type=product&#038;p=1008"},"modified":"2025-11-10T12:15:47","modified_gmt":"2025-11-10T11:15:47","slug":"41027","status":"publish","type":"product","link":"https:\/\/www.kvibo.si\/kvb-tjas\/product\/41027\/","title":{"rendered":"Kisla smetana 15 %  m.m."},"content":{"rendered":"<p><b>Sestavine:<\/b> pasterizirana fermentirana SMETANA.<\/p>\n<p><b>Shranjevanje:<\/b> hraniti pri temperaturi +3 \u00b0C do +9 \u00b0C.<\/p>\n<p><b>Alergeni:<\/b> MLEKO.<\/p>\n<p><b>Povpre\u010dna hranilna vrednost na 100 g:<\/b><\/p>\n<table id=\"hranilna-vrednost\">\n<tr>\n<td>Energijska vrednost<\/td>\n<td>673,0 kJ \/ 163,0 kcal<\/td>\n<\/tr>\n<tr>\n<td>Ma\u0161\u010dobe<\/td>\n<td>15,0 g<\/td>\n<\/tr>\n<tr>\n<td>od tega nenasi\u010dene ma\u0161\u010dobe<\/td>\n<td>9,9 g<\/td>\n<\/tr>\n<tr>\n<td>Ogljikovi hidrati<\/td>\n<td>3,3 g<\/td>\n<\/tr>\n<tr>\n<td>od tega sladkorji<\/td>\n<td>3,3 g<\/td>\n<\/tr>\n<tr>\n<td>Beljakovine<\/td>\n<td>2,9 g<\/td>\n<\/tr>\n<tr>\n<td>Sol<\/td>\n<td>0,13 g<\/td>\n<\/tr>\n<\/table>\n","protected":false},"excerpt":{"rendered":"<p><b>Pakiranje:<\/b> 5 kg<\/p>\n","protected":false},"featured_media":40066,"template":"","meta":{"_acf_changed":false},"product_brand":[],"product_cat":[70],"product_tag":[],"class_list":{"0":"post-1008","1":"product","2":"type-product","3":"status-publish","4":"has-post-thumbnail","6":"product_cat-mleko-mlecni-izdelki-in-nadomestki","8":"first","9":"instock","10":"taxable","11":"shipping-taxable","12":"purchasable","13":"product-type-simple"},"acf":[],"_links":{"self":[{"href":"https:\/\/www.kvibo.si\/kvb-tjas\/wp-json\/wp\/v2\/product\/1008","targetHints":{"allow":["GET"]}}],"collection":[{"href":"https:\/\/www.kvibo.si\/kvb-tjas\/wp-json\/wp\/v2\/product"}],"about":[{"href":"https:\/\/www.kvibo.si\/kvb-tjas\/wp-json\/wp\/v2\/types\/product"}],"wp:featuredmedia":[{"embeddable":true,"href":"https:\/\/www.kvibo.si\/kvb-tjas\/wp-json\/wp\/v2\/media\/40066"}],"wp:attachment":[{"href":"https:\/\/www.kvibo.si\/kvb-tjas\/wp-json\/wp\/v2\/media?parent=1008"}],"wp:term":[{"taxonomy":"product_brand","embeddable":true,"href":"https:\/\/www.kvibo.si\/kvb-tjas\/wp-json\/wp\/v2\/product_brand?post=1008"},{"taxonomy":"product_cat","embeddable":true,"href":"https:\/\/www.kvibo.si\/kvb-tjas\/wp-json\/wp\/v2\/product_cat?post=1008"},{"taxonomy":"product_tag","embeddable":true,"href":"https:\/\/www.kvibo.si\/kvb-tjas\/wp-json\/wp\/v2\/product_tag?post=1008"}],"curies":[{"name":"wp","href":"https:\/\/api.w.org\/{rel}","templated":true}]}}