{"id":3096,"date":"2022-12-29T08:57:23","date_gmt":"2022-12-29T07:57:23","guid":{"rendered":"https:\/\/www.kvibo.si\/kvb-tjas\/?page_id=3096"},"modified":"2026-03-02T06:07:12","modified_gmt":"2026-03-02T05:07:12","slug":"vstopna-stran","status":"publish","type":"page","link":"https:\/\/www.kvibo.si\/kvb-tjas\/","title":{"rendered":"Vstopna stran"},"content":{"rendered":"<div class=\"wpb-content-wrapper\"><div class=\"vc_row wpb_row row top-row vc_row-o-content-middle vc_row-flex wpb_custom_034b39d9bc6c6b310d69e39f0ccf274f\"><div class=\"vc_column_container col-md-2\"><div class=\"wpb_wrapper vc_column-inner\"><\/div><\/div><div class=\"vc_column_container col-md-8 vc_custom_1685113314858\"><div class=\"wpb_wrapper vc_column-inner\"><div class=\"vc_empty_space\"   style=\"height: 10px\"><span class=\"vc_empty_space_inner\"><\/span><\/div><div class=\"porto-u-heading  wpb_custom_53d99a66263251c08333449a4a6ae99e porto-u-55ca8359258f9a412be7e73af65d2aac \"><div class=\"porto-u-main-heading\"><h2   style=\"color:#ffffff;\">Pozdravljeni.<\/h2><\/div><style>.porto-u-55ca8359258f9a412be7e73af65d2aac.porto-u-heading{text-align:center}<\/style><\/div><\/div><\/div><div class=\"vc_column_container col-md-2\"><div class=\"wpb_wrapper vc_column-inner\"><\/div><\/div><\/div><div class=\"vc_row wpb_row row top-row vc_row-o-equal-height vc_row-o-content-middle vc_row-flex wpb_custom_034b39d9bc6c6b310d69e39f0ccf274f\"><div class=\"vc_column_container col-md-6\"><div class=\"wpb_wrapper vc_column-inner\"><div class=\"porto-ultimate-content-box-container \"><style>.porto_ucb_6c1f0f099d9dd5cee1ca9fdad7408842:hover{box-shadow:3px 3px 3px 0px #c1c1c1}<\/style><a aria-label=\"Anchor of Ultimate Content Box Container\" class=\"porto-ultimate-content-box-anchor\" href=\"https:\/\/www.kvibo.si\/index.php\/vsi-izdelki\/e-trgovina\/\"   ><div class=\"porto-ultimate-content-box vc_custom_1764763766401 has-content-pos justify-content-center porto_ucb_6c1f0f099d9dd5cee1ca9fdad7408842\" style=\"background-color:rgba(255,255,255,0.86);\" data-bg=\"rgba(255,255,255,0.86)\">\r\n\t<div class=\"wpb_text_column wpb_content_element wpb_custom_7c91d232724f73626cc933bd95b25ff0\" >\r\n\t\t<div class=\"wpb_wrapper\">\r\n\t\t\t\r\n\t\t<\/div>\r\n\t<\/div>\r\n<div class=\"porto-sicon-box  vc_custom_1745310865025  wpb_custom_bdf63aa21e9e2628d1bf1d0b50162974 style_1 top-icon\"><div class=\"porto-sicon-top\"><div class=\"porto-just-icon-wrapper porto-icon none\" data-appear-animation=\"bounce\" style=\"color:#000000;font-size:32px;\"><i class=\"porto-icon-shopping-cart\"><\/i><\/div><\/div><div class=\"porto-sicon-header\"><h3 class=\"porto-sicon-title\" style=\"\">E-TRGOVINA<\/h3><\/div> <!-- header --><div class=\"porto-sicon-description\" style=\"color:#000000;\">\n<p style=\"text-align: center;\">Spletna trgovina prehrambnih izdelkov za vse okuse z brezpla\u010dno dostavo na dom. Ve\u010dja pakiranja za ni\u017ejo ceno.<\/p>\n<p><\/div> <!-- description --><\/div><!-- porto-sicon-box --><\/div><\/a><\/div><\/div><\/div><div class=\"vc_column_container col-md-6 vc_custom_1685113314858\"><div class=\"wpb_wrapper vc_column-inner\"><div class=\"vc_empty_space\"   style=\"height: 25px\"><span class=\"vc_empty_space_inner\"><\/span><\/div><div class=\"porto-ultimate-content-box-container \"><style>.porto_ucb_6c1f0f099d9dd5cee1ca9fdad7408842:hover{box-shadow:3px 3px 3px 0px #c1c1c1}<\/style><a aria-label=\"Anchor of Ultimate Content Box Container\" class=\"porto-ultimate-content-box-anchor\" href=\"https:\/\/www.kvibo.si\/index.php\/foodservice\/\" title='Foodservice'  ><div class=\"porto-ultimate-content-box vc_custom_1764763775926 has-content-pos justify-content-center porto_ucb_6c1f0f099d9dd5cee1ca9fdad7408842\" style=\"background-color:rgba(255,255,255,0.86);\" data-bg=\"rgba(255,255,255,0.86)\"><div class=\"porto-sicon-box  vc_custom_1764763743260  wpb_custom_bdf63aa21e9e2628d1bf1d0b50162974 style_1 top-icon\"><div class=\"porto-sicon-top\"><div class=\"porto-just-icon-wrapper porto-icon none\" data-appear-animation=\"bounce\" style=\"color:#000000;font-size:32px;\"><i class=\"porto-icon-chef\"><\/i><\/div><\/div><div class=\"porto-sicon-header\"><h3 class=\"porto-sicon-title\" style=\"\">FOODSERVICE<\/h3><\/div> <!-- header --><div class=\"porto-sicon-description\" style=\"color:#000000;\">\n<p style=\"text-align: center;\">Za restavracije, gostilne, picerije, trgovine, hotele, vrtce, \u0161ole, bolni\u0161nice, domove za starej\u0161e ob\u010dane, industrijske obrate.<\/p>\n<p><\/div> <!-- description --><\/div><!-- porto-sicon-box -->\r\n\t<div class=\"wpb_text_column wpb_content_element wpb_custom_7c91d232724f73626cc933bd95b25ff0\" >\r\n\t\t<div class=\"wpb_wrapper\">\r\n\t\t\t\r\n\t\t<\/div>\r\n\t<\/div>\r\n<\/div><\/a><\/div><\/div><\/div><\/div><div class=\"vc_row wpb_row row top-row wpb_custom_034b39d9bc6c6b310d69e39f0ccf274f\"><div class=\"vc_column_container col-md-12\"><div class=\"wpb_wrapper vc_column-inner\"><div class=\"vc_empty_space\"   style=\"height: 100px\"><span class=\"vc_empty_space_inner\"><\/span><\/div><\/div><\/div><\/div><div class=\"vc_row wpb_row row top-row vc_row-o-content-middle vc_row-flex wpb_custom_034b39d9bc6c6b310d69e39f0ccf274f\"><div class=\"vc_column_container col-md-2\"><div class=\"wpb_wrapper vc_column-inner\"><\/div><\/div><div class=\"vc_column_container col-md-8 vc_custom_1685113314858\"><div class=\"wpb_wrapper vc_column-inner\"><div class=\"vc_row wpb_row vc_inner row vc_custom_1738422060443 vc_row-has-fill vc_row-o-content-middle vc_row-flex\"><div class=\"vc_column_container col-md-12 vc_custom_1738421997518\"><div class=\"wpb_wrapper vc_column-inner\"><div class=\"vc_empty_space\"   style=\"height: 10px\"><span class=\"vc_empty_space_inner\"><\/span><\/div><div class=\"vc_btn3-container vc_btn3-center vc_do_btn\" >\r\n\t<a class=\"vc_btn3 vc_btn3-shape-default vc_btn3-block wpb_custom_6687b26f39488ddbb85ddb3c1ce8e111 vc_btn3-icon-left btn btn-flat btn-md btn-primary\" href=\"https:\/\/www.kvibo.si\/index.php\/nase-podjetje\/sofinanciranje-evropske-unije\/\" title=\"Sofinanciranje Evropske unije\"><i class=\"vc_btn3-icon fas fa-angle-right\"><\/i> Ureditev objektov in nakup tehnolo\u0161ke opreme za proizvodnjo kmetijskih proizvodov<\/a>\t<\/div>\r\n<div class=\"wpb_images_carousel wpb_content_element vc_clearfix wpb_content_element\"><div class=\"wpb_wrapper\"><div id=\"vc_images-carousel-1-1776322792\" data-ride=\"vc_carousel\" data-wrap=\"false\" style=\"width: 100%;\" data-interval=\"0\" data-auto-height=\"yes\" data-mode=\"horizontal\" data-partial=\"false\" data-per-view=\"2\" data-hide-on-end=\"true\" class=\"vc_slide vc_images_carousel\"><div class=\"vc_carousel-inner\"><div class=\"vc_carousel-slideline\"><div class=\"vc_carousel-slideline-inner\"><div class=\"vc_item\"><div class=\"vc_inner\"><a class=\"\" href=\"https:\/\/www.kvibo.si\/kvb-tjas\/wp-content\/uploads\/427JR_logo2.jpg\" data-lightbox=\"lightbox[rel-3096-2464324442]\"><img loading=\"lazy\" decoding=\"async\" width=\"553\" height=\"132\" src=\"https:\/\/www.kvibo.si\/kvb-tjas\/wp-content\/uploads\/427JR_logo2.jpg\" class=\"attachment-full\" alt=\"\" title=\"427JR_logo2\" srcset=\"https:\/\/www.kvibo.si\/kvb-tjas\/wp-content\/uploads\/427JR_logo2.jpg 553w, https:\/\/www.kvibo.si\/kvb-tjas\/wp-content\/uploads\/427JR_logo2-400x95.jpg 400w\" sizes=\"auto, (max-width: 553px) 100vw, 553px\" \/><\/a><\/div><\/div><div class=\"vc_item\"><div class=\"vc_inner\"><a class=\"\" href=\"https:\/\/www.kvibo.si\/kvb-tjas\/wp-content\/uploads\/427JR_logo-1024x254.jpg\" data-lightbox=\"lightbox[rel-3096-2464324442]\"><img loading=\"lazy\" decoding=\"async\" width=\"1175\" height=\"291\" src=\"https:\/\/www.kvibo.si\/kvb-tjas\/wp-content\/uploads\/427JR_logo.jpg\" class=\"attachment-full\" alt=\"\" title=\"427JR_logo\" srcset=\"https:\/\/www.kvibo.si\/kvb-tjas\/wp-content\/uploads\/427JR_logo.jpg 1175w, https:\/\/www.kvibo.si\/kvb-tjas\/wp-content\/uploads\/427JR_logo-1024x254.jpg 1024w, https:\/\/www.kvibo.si\/kvb-tjas\/wp-content\/uploads\/427JR_logo-768x190.jpg 768w, https:\/\/www.kvibo.si\/kvb-tjas\/wp-content\/uploads\/427JR_logo-640x159.jpg 640w, https:\/\/www.kvibo.si\/kvb-tjas\/wp-content\/uploads\/427JR_logo-400x99.jpg 400w, https:\/\/www.kvibo.si\/kvb-tjas\/wp-content\/uploads\/427JR_logo-700x173.jpg 700w\" sizes=\"auto, (max-width: 1175px) 100vw, 1175px\" \/><\/a><\/div><\/div><\/div><\/div><\/div><\/div><\/div><\/div><div class=\"vc_empty_space\"   style=\"height: 10px\"><span class=\"vc_empty_space_inner\"><\/span><\/div><\/div><\/div><\/div><\/div><\/div><div class=\"vc_column_container col-md-2\"><div class=\"wpb_wrapper vc_column-inner\"><\/div><\/div><\/div><div class=\"vc_row wpb_row row top-row wpb_custom_034b39d9bc6c6b310d69e39f0ccf274f\"><div class=\"vc_column_container col-md-12\"><div class=\"wpb_wrapper vc_column-inner\"><div class=\"vc_empty_space\"   style=\"height: 20px\"><span class=\"vc_empty_space_inner\"><\/span><\/div><\/div><\/div><\/div>\n<\/div>","protected":false},"excerpt":{"rendered":"Pozdravljeni. E-TRGOVINA Spletna trgovina prehrambnih izdelkov za vse okuse z brezpla\u010dno dostavo na dom. Ve\u010dja pakiranja za ni\u017ejo ceno. FOODSERVICE Za restavracije, gostilne, picerije, trgovine, hotele, vrtce, \u0161ole, bolni\u0161nice, domove za starej\u0161e ob\u010dane, industrijske obrate. Ureditev objektov in nakup tehnolo\u0161ke opreme za proizvodnjo kmetijskih proizvodov","protected":false},"author":1,"featured_media":0,"parent":0,"menu_order":0,"comment_status":"closed","ping_status":"closed","template":"","meta":{"_acf_changed":false,"footnotes":""},"class_list":["post-3096","page","type-page","status-publish","hentry"],"acf":[],"_links":{"self":[{"href":"https:\/\/www.kvibo.si\/kvb-tjas\/wp-json\/wp\/v2\/pages\/3096","targetHints":{"allow":["GET"]}}],"collection":[{"href":"https:\/\/www.kvibo.si\/kvb-tjas\/wp-json\/wp\/v2\/pages"}],"about":[{"href":"https:\/\/www.kvibo.si\/kvb-tjas\/wp-json\/wp\/v2\/types\/page"}],"author":[{"embeddable":true,"href":"https:\/\/www.kvibo.si\/kvb-tjas\/wp-json\/wp\/v2\/users\/1"}],"replies":[{"embeddable":true,"href":"https:\/\/www.kvibo.si\/kvb-tjas\/wp-json\/wp\/v2\/comments?post=3096"}],"version-history":[{"count":44,"href":"https:\/\/www.kvibo.si\/kvb-tjas\/wp-json\/wp\/v2\/pages\/3096\/revisions"}],"predecessor-version":[{"id":46783,"href":"https:\/\/www.kvibo.si\/kvb-tjas\/wp-json\/wp\/v2\/pages\/3096\/revisions\/46783"}],"wp:attachment":[{"href":"https:\/\/www.kvibo.si\/kvb-tjas\/wp-json\/wp\/v2\/media?parent=3096"}],"curies":[{"name":"wp","href":"https:\/\/api.w.org\/{rel}","templated":true}]}}