{"id":37036,"date":"2024-04-11T13:01:22","date_gmt":"2024-04-11T11:01:22","guid":{"rendered":"https:\/\/www.kvibo.si\/index.php\/product\/70150\/"},"modified":"2026-03-18T18:02:18","modified_gmt":"2026-03-18T17:02:18","slug":"70150","status":"publish","type":"product","link":"https:\/\/www.kvibo.si\/product\/70150\/","title":{"rendered":"Sladoled Familia Galaxy kornet jagoda, Nestle"},"content":{"rendered":"<p><b>Blagovna znamka:<\/b> Familia<\/p>\n<p>Sladoled z okusom jagode v kornetu 17,5 %.<\/p>\n<p><b>Sestavine:<\/b> rekonstituirano posneto MLEKO, voda, sladkor, P\u0160ENI\u010cNA moka, rastlinska olja (kokosovo, palmovo), glukozni sirup, SIROTKA v prahu (iz MLEKA), manj masten kakav v prahu (1 %), emulgatorj (SOJIN lecitin, mono in digliceridi ma\u0161\u010dobnih kislin), barvila (betanin, beta karoten), stabilizator (gumi guar, gumi ro\u017ei\u010devca, predelane alge euchema), arome, regulator kislosti (citronska kislina), sol. <\/p>\n<p><b>Shranjevanje:<\/b> hraniti pri temperaturi pod -18 \u00b0C.<\/p>\n<p><b>Alergeni:<\/b> MLEKO, GLUTEN, SOJA. Lahko vsebuje sledi: JAJC, ORE\u0160\u010cKOV in GOR\u010cICE.<\/p>\n<p><b>Povpre\u010dna hranilna vrednost na 100 g:<\/b><\/p>\n<table id=\"hranilna-vrednost\">\n<tr>\n<td>Energijska vrednost<\/td>\n<td>1090,0 kJ \/ 260,0 kcal<\/td>\n<\/tr>\n<tr>\n<td>Ma\u0161\u010dobe<\/td>\n<td>11,0 g<\/td>\n<\/tr>\n<tr>\n<td>od tega nenasi\u010dene ma\u0161\u010dobe<\/td>\n<td>8,5 g<\/td>\n<\/tr>\n<tr>\n<td>Ogljikovi hidrati<\/td>\n<td>37,0 g<\/td>\n<\/tr>\n<tr>\n<td>od tega sladkorji<\/td>\n<td>26,0 g<\/td>\n<\/tr>\n<tr>\n<td>Beljakovine<\/td>\n<td>3,0 g<\/td>\n<\/tr>\n<tr>\n<td>Sol<\/td>\n<td>0,11 g<\/td>\n<\/tr>\n<\/table>\n","protected":false},"excerpt":{"rendered":"<p><b>Pakiranje:<\/b> 30 x 110 ml (69 g)<\/p>\n","protected":false},"featured_media":40482,"template":"","meta":{"_acf_changed":false},"product_brand":[],"product_cat":[126],"product_tag":[],"class_list":{"0":"post-37036","1":"product","2":"type-product","3":"status-publish","4":"has-post-thumbnail","6":"product_cat-sladoledna-konfekcija","8":"first","9":"instock","10":"taxable","11":"shipping-taxable","12":"purchasable","13":"product-type-simple"},"acf":[],"_links":{"self":[{"href":"https:\/\/www.kvibo.si\/wp-json\/wp\/v2\/product\/37036","targetHints":{"allow":["GET"]}}],"collection":[{"href":"https:\/\/www.kvibo.si\/wp-json\/wp\/v2\/product"}],"about":[{"href":"https:\/\/www.kvibo.si\/wp-json\/wp\/v2\/types\/product"}],"wp:featuredmedia":[{"embeddable":true,"href":"https:\/\/www.kvibo.si\/wp-json\/wp\/v2\/media\/40482"}],"wp:attachment":[{"href":"https:\/\/www.kvibo.si\/wp-json\/wp\/v2\/media?parent=37036"}],"wp:term":[{"taxonomy":"product_brand","embeddable":true,"href":"https:\/\/www.kvibo.si\/wp-json\/wp\/v2\/product_brand?post=37036"},{"taxonomy":"product_cat","embeddable":true,"href":"https:\/\/www.kvibo.si\/wp-json\/wp\/v2\/product_cat?post=37036"},{"taxonomy":"product_tag","embeddable":true,"href":"https:\/\/www.kvibo.si\/wp-json\/wp\/v2\/product_tag?post=37036"}],"curies":[{"name":"wp","href":"https:\/\/api.w.org\/{rel}","templated":true}]}}